{"id":5526,"date":"2022-07-04T15:23:31","date_gmt":"2022-07-04T15:23:31","guid":{"rendered":"https:\/\/simoffice.pt\/index.php\/product\/afia-lapis-electrico-e-pilhas-de-secretaria-c-deposito-eagle\/"},"modified":"2022-07-04T15:23:37","modified_gmt":"2022-07-04T15:23:37","slug":"afia-lapis-electrico-e-pilhas-de-secretaria-c-deposito-eagle","status":"publish","type":"product","link":"https:\/\/simoffice.pt\/index.php\/product\/afia-lapis-electrico-e-pilhas-de-secretaria-c-deposito-eagle\/","title":{"rendered":"Afia Lapis Electrico e Pilhas de Secretaria c \/ Deposito Eagle"},"content":{"rendered":"<p>S\u00f3 necessita de colocar o l\u00e1pis e este ir\u00e1 afiar automaticamente. Corpo em pl\u00e1stico.<\/p>\n<p>Usa Alimentador VELPSSE37 ou VELPSU10R <\/p>\n","protected":false},"excerpt":{"rendered":"<p>S\u00f3 necessita de colocar o l\u00e1pis e este ir\u00e1 afiar automaticamente. Corpo em pl\u00e1stico. Usa Alimentador VELPSSE37 ou VELPSU10R<\/p>\n","protected":false},"featured_media":5527,"template":"","meta":[],"product_cat":[74],"product_tag":[],"_links":{"self":[{"href":"https:\/\/simoffice.pt\/index.php\/wp-json\/wp\/v2\/product\/5526"}],"collection":[{"href":"https:\/\/simoffice.pt\/index.php\/wp-json\/wp\/v2\/product"}],"about":[{"href":"https:\/\/simoffice.pt\/index.php\/wp-json\/wp\/v2\/types\/product"}],"wp:featuredmedia":[{"embeddable":true,"href":"https:\/\/simoffice.pt\/index.php\/wp-json\/wp\/v2\/media\/5527"}],"wp:attachment":[{"href":"https:\/\/simoffice.pt\/index.php\/wp-json\/wp\/v2\/media?parent=5526"}],"wp:term":[{"taxonomy":"product_cat","embeddable":true,"href":"https:\/\/simoffice.pt\/index.php\/wp-json\/wp\/v2\/product_cat?post=5526"},{"taxonomy":"product_tag","embeddable":true,"href":"https:\/\/simoffice.pt\/index.php\/wp-json\/wp\/v2\/product_tag?post=5526"}],"curies":[{"name":"wp","href":"https:\/\/api.w.org\/{rel}","templated":true}]}}