{"id":5516,"date":"2022-07-04T15:23:02","date_gmt":"2022-07-04T15:23:02","guid":{"rendered":"https:\/\/simoffice.pt\/index.php\/product\/apc-back-ups-1400va-230v-avr-iec-sockets-bx1400ui\/"},"modified":"2022-07-04T15:23:08","modified_gmt":"2022-07-04T15:23:08","slug":"apc-back-ups-1400va-230v-avr-iec-sockets-bx1400ui","status":"publish","type":"product","link":"https:\/\/simoffice.pt\/index.php\/product\/apc-back-ups-1400va-230v-avr-iec-sockets-bx1400ui\/","title":{"rendered":"APC Back-UPS 1400VA, 230V, AVR, IEC Sockets -BX1400UI"},"content":{"rendered":"<p>APC BX1400UI. Capacidade de energia de sa\u00edda (VA): 1400 VA, Pot\u00eancia de sa\u00edda: 700W, Voltagem de entrada operativa (min): 150V. Tipos de AC outlet: C13 coupler, Ficha: C14 coupler, Comprimento do cabo: 1,22m. Tecnologia da bateria: Chumbo-\u00e1cido selado (VRLA), Tempo de backup (meia carga): 11,2 min, Tempo de backup (meia m\u00e1xima)): 2,4 min. Cor da caixa: Preto, Display: LED. Topologia UPS: Line-Interactive, Forma de onda: Sine, N\u00edvel de ru\u00eddo Lc IEC: 45,0 dB<\/p>\n","protected":false},"excerpt":{"rendered":"<p>APC BX1400UI. Capacidade de energia de sa\u00edda (VA): 1400 VA, Pot\u00eancia de sa\u00edda: 700W, Voltagem de entrada operativa (min): 150V. Tipos de AC outlet: C13 coupler, Ficha: C14 coupler, Comprimento do cabo: 1,22m. Tecnologia da bateria: Chumbo-\u00e1cido selado (VRLA), Tempo de backup (meia carga): 11,2 min, Tempo de backup (meia m\u00e1xima)): 2,4 min. Cor da [&hellip;]<\/p>\n","protected":false},"featured_media":5517,"template":"","meta":[],"product_cat":[75],"product_tag":[],"_links":{"self":[{"href":"https:\/\/simoffice.pt\/index.php\/wp-json\/wp\/v2\/product\/5516"}],"collection":[{"href":"https:\/\/simoffice.pt\/index.php\/wp-json\/wp\/v2\/product"}],"about":[{"href":"https:\/\/simoffice.pt\/index.php\/wp-json\/wp\/v2\/types\/product"}],"wp:featuredmedia":[{"embeddable":true,"href":"https:\/\/simoffice.pt\/index.php\/wp-json\/wp\/v2\/media\/5517"}],"wp:attachment":[{"href":"https:\/\/simoffice.pt\/index.php\/wp-json\/wp\/v2\/media?parent=5516"}],"wp:term":[{"taxonomy":"product_cat","embeddable":true,"href":"https:\/\/simoffice.pt\/index.php\/wp-json\/wp\/v2\/product_cat?post=5516"},{"taxonomy":"product_tag","embeddable":true,"href":"https:\/\/simoffice.pt\/index.php\/wp-json\/wp\/v2\/product_tag?post=5516"}],"curies":[{"name":"wp","href":"https:\/\/api.w.org\/{rel}","templated":true}]}}