{"id":5428,"date":"2022-07-04T15:18:31","date_gmt":"2022-07-04T15:18:31","guid":{"rendered":"https:\/\/simoffice.pt\/index.php\/product\/guilhotina-corte-faca-fellowes-fusion-a4-320mm-10-folhas\/"},"modified":"2022-07-04T15:18:37","modified_gmt":"2022-07-04T15:18:37","slug":"guilhotina-corte-faca-fellowes-fusion-a4-320mm-10-folhas","status":"publish","type":"product","link":"https:\/\/simoffice.pt\/index.php\/product\/guilhotina-corte-faca-fellowes-fusion-a4-320mm-10-folhas\/","title":{"rendered":"Guilhotina Corte Faca Fellowes Fusion A4 320mm 10 Folhas"},"content":{"rendered":"<p>A l\u00e2mina de corte em a\u00e7o inoxid\u00e1vel proporciona um corte limpo<br \/>\ne preciso. Corta at\u00e9 10 folhas (80g.)<br \/>\nProtector SafecutTM transparente, pr\u00e9-montado e desmont\u00e1vel para garantir a seguran\u00e7a do utilizador.<br \/>\nBase met\u00e1lica com p\u00e9s anti deslizantes.<br \/>\nGuias de corte com formatos DIN, fotografias, medidas em polegadas e raios para corte em \u00e2ngulo.<br \/>\nIncorpora uma barra compressora transparente e ajust\u00e1vel para garantir um corte preciso.<br \/>\nDesign ergon\u00f3mico pensado para proporcionar uma utiliza\u00e7\u00e3o f\u00e1cil e intuitiva.<\/p>\n","protected":false},"excerpt":{"rendered":"<p>A l\u00e2mina de corte em a\u00e7o inoxid\u00e1vel proporciona um corte limpo e preciso. Corta at\u00e9 10 folhas (80g.) Protector SafecutTM transparente, pr\u00e9-montado e desmont\u00e1vel para garantir a seguran\u00e7a do utilizador. Base met\u00e1lica com p\u00e9s anti deslizantes. Guias de corte com formatos DIN, fotografias, medidas em polegadas e raios para corte em \u00e2ngulo. Incorpora uma barra [&hellip;]<\/p>\n","protected":false},"featured_media":5429,"template":"","meta":[],"product_cat":[74],"product_tag":[],"_links":{"self":[{"href":"https:\/\/simoffice.pt\/index.php\/wp-json\/wp\/v2\/product\/5428"}],"collection":[{"href":"https:\/\/simoffice.pt\/index.php\/wp-json\/wp\/v2\/product"}],"about":[{"href":"https:\/\/simoffice.pt\/index.php\/wp-json\/wp\/v2\/types\/product"}],"wp:featuredmedia":[{"embeddable":true,"href":"https:\/\/simoffice.pt\/index.php\/wp-json\/wp\/v2\/media\/5429"}],"wp:attachment":[{"href":"https:\/\/simoffice.pt\/index.php\/wp-json\/wp\/v2\/media?parent=5428"}],"wp:term":[{"taxonomy":"product_cat","embeddable":true,"href":"https:\/\/simoffice.pt\/index.php\/wp-json\/wp\/v2\/product_cat?post=5428"},{"taxonomy":"product_tag","embeddable":true,"href":"https:\/\/simoffice.pt\/index.php\/wp-json\/wp\/v2\/product_tag?post=5428"}],"curies":[{"name":"wp","href":"https:\/\/api.w.org\/{rel}","templated":true}]}}