{"id":5414,"date":"2022-07-04T15:17:48","date_gmt":"2022-07-04T15:17:48","guid":{"rendered":"https:\/\/simoffice.pt\/index.php\/product\/logitech-mouse-m185-notebook-wireless-optico-black-blue\/"},"modified":"2022-07-04T15:17:54","modified_gmt":"2022-07-04T15:17:54","slug":"logitech-mouse-m185-notebook-wireless-optico-black-blue","status":"publish","type":"product","link":"https:\/\/simoffice.pt\/index.php\/product\/logitech-mouse-m185-notebook-wireless-optico-black-blue\/","title":{"rendered":"LOGITECH MOUSE M185 NOTEBOOK WIRELESS OPTICO BLACK\/BLUE"},"content":{"rendered":"<p>Rato resolu\u00e7\u00e3o 1000 dpi; Sensor \u00f3ptico; 3 bot\u00f5es c\/ scrool; wireless 2.4GHz; Alcance: 10 mt; Compat\u00edcem OS: Windows 7, Windows 8, Windows XP, Windows Vista, Mac OS X 10.5 ; Conex\u00e3o : USB<\/p>\n","protected":false},"excerpt":{"rendered":"<p>Rato resolu\u00e7\u00e3o 1000 dpi; Sensor \u00f3ptico; 3 bot\u00f5es c\/ scrool; wireless 2.4GHz; Alcance: 10 mt; Compat\u00edcem OS: Windows 7, Windows 8, Windows XP, Windows Vista, Mac OS X 10.5 ; Conex\u00e3o : USB<\/p>\n","protected":false},"featured_media":5415,"template":"","meta":[],"product_cat":[75],"product_tag":[],"_links":{"self":[{"href":"https:\/\/simoffice.pt\/index.php\/wp-json\/wp\/v2\/product\/5414"}],"collection":[{"href":"https:\/\/simoffice.pt\/index.php\/wp-json\/wp\/v2\/product"}],"about":[{"href":"https:\/\/simoffice.pt\/index.php\/wp-json\/wp\/v2\/types\/product"}],"wp:featuredmedia":[{"embeddable":true,"href":"https:\/\/simoffice.pt\/index.php\/wp-json\/wp\/v2\/media\/5415"}],"wp:attachment":[{"href":"https:\/\/simoffice.pt\/index.php\/wp-json\/wp\/v2\/media?parent=5414"}],"wp:term":[{"taxonomy":"product_cat","embeddable":true,"href":"https:\/\/simoffice.pt\/index.php\/wp-json\/wp\/v2\/product_cat?post=5414"},{"taxonomy":"product_tag","embeddable":true,"href":"https:\/\/simoffice.pt\/index.php\/wp-json\/wp\/v2\/product_tag?post=5414"}],"curies":[{"name":"wp","href":"https:\/\/api.w.org\/{rel}","templated":true}]}}