{"id":5401,"date":"2022-07-04T15:17:06","date_gmt":"2022-07-04T15:17:06","guid":{"rendered":"https:\/\/simoffice.pt\/index.php\/product\/marcador-uniball-vision-elite-ub205-05mm-azul-cx-12un\/"},"modified":"2022-07-04T15:17:14","modified_gmt":"2022-07-04T15:17:14","slug":"marcador-uniball-vision-elite-ub205-05mm-azul-cx-12un","status":"publish","type":"product","link":"https:\/\/simoffice.pt\/index.php\/product\/marcador-uniball-vision-elite-ub205-05mm-azul-cx-12un\/","title":{"rendered":"Marcador Uniball Vision Elite UB205 0,5mm Azul Cx 12un"},"content":{"rendered":"<p>Escrita fina. Esfera de tungst\u00e9nio.<br \/>\nPonta em a\u00e7o inoxid\u00e1vel.<br \/>\nCorpo em pl\u00e1stico com ponta na cor da tinta. <\/p>\n","protected":false},"excerpt":{"rendered":"<p>Escrita fina. Esfera de tungst\u00e9nio. Ponta em a\u00e7o inoxid\u00e1vel. Corpo em pl\u00e1stico com ponta na cor da tinta.<\/p>\n","protected":false},"featured_media":5402,"template":"","meta":[],"product_cat":[74],"product_tag":[],"_links":{"self":[{"href":"https:\/\/simoffice.pt\/index.php\/wp-json\/wp\/v2\/product\/5401"}],"collection":[{"href":"https:\/\/simoffice.pt\/index.php\/wp-json\/wp\/v2\/product"}],"about":[{"href":"https:\/\/simoffice.pt\/index.php\/wp-json\/wp\/v2\/types\/product"}],"wp:featuredmedia":[{"embeddable":true,"href":"https:\/\/simoffice.pt\/index.php\/wp-json\/wp\/v2\/media\/5402"}],"wp:attachment":[{"href":"https:\/\/simoffice.pt\/index.php\/wp-json\/wp\/v2\/media?parent=5401"}],"wp:term":[{"taxonomy":"product_cat","embeddable":true,"href":"https:\/\/simoffice.pt\/index.php\/wp-json\/wp\/v2\/product_cat?post=5401"},{"taxonomy":"product_tag","embeddable":true,"href":"https:\/\/simoffice.pt\/index.php\/wp-json\/wp\/v2\/product_tag?post=5401"}],"curies":[{"name":"wp","href":"https:\/\/api.w.org\/{rel}","templated":true}]}}