{"id":5389,"date":"2022-07-04T15:16:31","date_gmt":"2022-07-04T15:16:31","guid":{"rendered":"https:\/\/simoffice.pt\/index.php\/product\/team-cartao-memoria-micro-sdhc-16gb-class-10\/"},"modified":"2022-07-04T15:16:37","modified_gmt":"2022-07-04T15:16:37","slug":"team-cartao-memoria-micro-sdhc-16gb-class-10","status":"publish","type":"product","link":"https:\/\/simoffice.pt\/index.php\/product\/team-cartao-memoria-micro-sdhc-16gb-class-10\/","title":{"rendered":"Team Cart\u00e3o mem\u00f3ria Micro SDHC 16Gb Class 10"},"content":{"rendered":"<p>MICRO SDHC 16GB CLASS 10 TEAM com Adaptador SD. Dimens\u00f5es 11 x 15 x 1mm. Peso: 1g. Qualidade Extra, Durabilidade Extra, Excelente Produto TEAM GROUP.Velocidade de Leitura at\u00e9 20MB\/s e de Escrita at\u00e9 14MB\/s.<\/p>\n<p>Tipo \/ Formato Cart\u00e3o Mem\u00f3ria SDHC<br \/>\nCapacidade 16GB<br \/>\nTaxa de Transfer\u00eancia<br \/>\nLeitura at\u00e9 20MB\/s<br \/>\nEscrita at\u00e9 14MB\/s<br \/>\nDimens\u00f5es com Embalagem 11 x 15 x 1mm<br \/>\nPeso 1g<br \/>\nOrigem Taiwan<br \/>\nQuantidade por Embalagem 1<br \/>\nGarantia LIFE TIME<\/p>\n","protected":false},"excerpt":{"rendered":"<p>MICRO SDHC 16GB CLASS 10 TEAM com Adaptador SD. Dimens\u00f5es 11 x 15 x 1mm. Peso: 1g. Qualidade Extra, Durabilidade Extra, Excelente Produto TEAM GROUP.Velocidade de Leitura at\u00e9 20MB\/s e de Escrita at\u00e9 14MB\/s. Tipo \/ Formato Cart\u00e3o Mem\u00f3ria SDHC Capacidade 16GB Taxa de Transfer\u00eancia Leitura at\u00e9 20MB\/s Escrita at\u00e9 14MB\/s Dimens\u00f5es com Embalagem 11 [&hellip;]<\/p>\n","protected":false},"featured_media":5390,"template":"","meta":[],"product_cat":[75],"product_tag":[],"_links":{"self":[{"href":"https:\/\/simoffice.pt\/index.php\/wp-json\/wp\/v2\/product\/5389"}],"collection":[{"href":"https:\/\/simoffice.pt\/index.php\/wp-json\/wp\/v2\/product"}],"about":[{"href":"https:\/\/simoffice.pt\/index.php\/wp-json\/wp\/v2\/types\/product"}],"wp:featuredmedia":[{"embeddable":true,"href":"https:\/\/simoffice.pt\/index.php\/wp-json\/wp\/v2\/media\/5390"}],"wp:attachment":[{"href":"https:\/\/simoffice.pt\/index.php\/wp-json\/wp\/v2\/media?parent=5389"}],"wp:term":[{"taxonomy":"product_cat","embeddable":true,"href":"https:\/\/simoffice.pt\/index.php\/wp-json\/wp\/v2\/product_cat?post=5389"},{"taxonomy":"product_tag","embeddable":true,"href":"https:\/\/simoffice.pt\/index.php\/wp-json\/wp\/v2\/product_tag?post=5389"}],"curies":[{"name":"wp","href":"https:\/\/api.w.org\/{rel}","templated":true}]}}