{"id":5383,"date":"2022-07-04T15:16:12","date_gmt":"2022-07-04T15:16:12","guid":{"rendered":"https:\/\/simoffice.pt\/index.php\/product\/mkplus-teclado-slim-chiclet-style-usb\/"},"modified":"2022-07-04T15:16:18","modified_gmt":"2022-07-04T15:16:18","slug":"mkplus-teclado-slim-chiclet-style-usb","status":"publish","type":"product","link":"https:\/\/simoffice.pt\/index.php\/product\/mkplus-teclado-slim-chiclet-style-usb\/","title":{"rendered":"MKPlus teclado Slim Chiclet Style USB"},"content":{"rendered":"<p>Teclado standard de design moderno<br \/>\nTeclas \u00b4Chiclet\u00b4 de grande dimens\u00f5es<br \/>\nTeclas de membrana para maior suavidade de toque<br \/>\nElevado padr\u00e3o de qualidade de constru\u00e7\u00e3o<br \/>\nInterface USB<\/p>\n","protected":false},"excerpt":{"rendered":"<p>Teclado standard de design moderno Teclas \u00b4Chiclet\u00b4 de grande dimens\u00f5es Teclas de membrana para maior suavidade de toque Elevado padr\u00e3o de qualidade de constru\u00e7\u00e3o Interface USB<\/p>\n","protected":false},"featured_media":5384,"template":"","meta":[],"product_cat":[75],"product_tag":[],"_links":{"self":[{"href":"https:\/\/simoffice.pt\/index.php\/wp-json\/wp\/v2\/product\/5383"}],"collection":[{"href":"https:\/\/simoffice.pt\/index.php\/wp-json\/wp\/v2\/product"}],"about":[{"href":"https:\/\/simoffice.pt\/index.php\/wp-json\/wp\/v2\/types\/product"}],"wp:featuredmedia":[{"embeddable":true,"href":"https:\/\/simoffice.pt\/index.php\/wp-json\/wp\/v2\/media\/5384"}],"wp:attachment":[{"href":"https:\/\/simoffice.pt\/index.php\/wp-json\/wp\/v2\/media?parent=5383"}],"wp:term":[{"taxonomy":"product_cat","embeddable":true,"href":"https:\/\/simoffice.pt\/index.php\/wp-json\/wp\/v2\/product_cat?post=5383"},{"taxonomy":"product_tag","embeddable":true,"href":"https:\/\/simoffice.pt\/index.php\/wp-json\/wp\/v2\/product_tag?post=5383"}],"curies":[{"name":"wp","href":"https:\/\/api.w.org\/{rel}","templated":true}]}}