{"id":5354,"date":"2022-07-04T15:14:46","date_gmt":"2022-07-04T15:14:46","guid":{"rendered":"https:\/\/simoffice.pt\/index.php\/product\/oki-mc853dnct-multifuncional-a3-led-cor-e-mono-4-em-1-impressao-digitalizacao-copia-e-fax-com-rede-duplex-movel-2o-tab\/"},"modified":"2022-07-04T15:14:52","modified_gmt":"2022-07-04T15:14:52","slug":"oki-mc853dnct-multifuncional-a3-led-cor-e-mono-4-em-1-impressao-digitalizacao-copia-e-fax-com-rede-duplex-movel-2o-tab","status":"publish","type":"product","link":"https:\/\/simoffice.pt\/index.php\/product\/oki-mc853dnct-multifuncional-a3-led-cor-e-mono-4-em-1-impressao-digitalizacao-copia-e-fax-com-rede-duplex-movel-2o-tab\/","title":{"rendered":"Oki MC853dnct &#8211; Multifuncional A3 LED cor e mono (4 em 1): Impress\u00e3o, Digitaliza\u00e7\u00e3o, C\u00f3pia e Fax; com rede, duplex, m\u00f3vel + 2\u00ba Tab"},"content":{"rendered":"","protected":false},"excerpt":{"rendered":"","protected":false},"featured_media":5355,"template":"","meta":[],"product_cat":[75],"product_tag":[],"_links":{"self":[{"href":"https:\/\/simoffice.pt\/index.php\/wp-json\/wp\/v2\/product\/5354"}],"collection":[{"href":"https:\/\/simoffice.pt\/index.php\/wp-json\/wp\/v2\/product"}],"about":[{"href":"https:\/\/simoffice.pt\/index.php\/wp-json\/wp\/v2\/types\/product"}],"wp:featuredmedia":[{"embeddable":true,"href":"https:\/\/simoffice.pt\/index.php\/wp-json\/wp\/v2\/media\/5355"}],"wp:attachment":[{"href":"https:\/\/simoffice.pt\/index.php\/wp-json\/wp\/v2\/media?parent=5354"}],"wp:term":[{"taxonomy":"product_cat","embeddable":true,"href":"https:\/\/simoffice.pt\/index.php\/wp-json\/wp\/v2\/product_cat?post=5354"},{"taxonomy":"product_tag","embeddable":true,"href":"https:\/\/simoffice.pt\/index.php\/wp-json\/wp\/v2\/product_tag?post=5354"}],"curies":[{"name":"wp","href":"https:\/\/api.w.org\/{rel}","templated":true}]}}