{"id":5347,"date":"2022-07-04T15:14:21","date_gmt":"2022-07-04T15:14:21","guid":{"rendered":"https:\/\/simoffice.pt\/index.php\/product\/epson-videoprojector-eb-u42\/"},"modified":"2022-07-04T15:14:28","modified_gmt":"2022-07-04T15:14:28","slug":"epson-videoprojector-eb-u42","status":"publish","type":"product","link":"https:\/\/simoffice.pt\/index.php\/product\/epson-videoprojector-eb-u42\/","title":{"rendered":"Epson Videoprojector EB-U42"},"content":{"rendered":"<p>Projector EB-U42 &#8211; 3.600 Lumen- 2,235 Lumen (economia), resolu\u00e7\u00e3o: WUXGA, 1920 x 1200, tecnologia 3LCD, Full HD, 15.000 : 1, dist\u00e2ncia focal: 20.42 mm &#8211; 24.5 mm, Composite in, HDMI in (2x), VGA in, LAN sem fios IEEE 802.11b\/g\/n<\/p>\n","protected":false},"excerpt":{"rendered":"<p>Projector EB-U42 &#8211; 3.600 Lumen- 2,235 Lumen (economia), resolu\u00e7\u00e3o: WUXGA, 1920 x 1200, tecnologia 3LCD, Full HD, 15.000 : 1, dist\u00e2ncia focal: 20.42 mm &#8211; 24.5 mm, Composite in, HDMI in (2x), VGA in, LAN sem fios IEEE 802.11b\/g\/n<\/p>\n","protected":false},"featured_media":5348,"template":"","meta":[],"product_cat":[76],"product_tag":[],"_links":{"self":[{"href":"https:\/\/simoffice.pt\/index.php\/wp-json\/wp\/v2\/product\/5347"}],"collection":[{"href":"https:\/\/simoffice.pt\/index.php\/wp-json\/wp\/v2\/product"}],"about":[{"href":"https:\/\/simoffice.pt\/index.php\/wp-json\/wp\/v2\/types\/product"}],"wp:featuredmedia":[{"embeddable":true,"href":"https:\/\/simoffice.pt\/index.php\/wp-json\/wp\/v2\/media\/5348"}],"wp:attachment":[{"href":"https:\/\/simoffice.pt\/index.php\/wp-json\/wp\/v2\/media?parent=5347"}],"wp:term":[{"taxonomy":"product_cat","embeddable":true,"href":"https:\/\/simoffice.pt\/index.php\/wp-json\/wp\/v2\/product_cat?post=5347"},{"taxonomy":"product_tag","embeddable":true,"href":"https:\/\/simoffice.pt\/index.php\/wp-json\/wp\/v2\/product_tag?post=5347"}],"curies":[{"name":"wp","href":"https:\/\/api.w.org\/{rel}","templated":true}]}}