{"id":5335,"date":"2022-07-04T15:13:44","date_gmt":"2022-07-04T15:13:44","guid":{"rendered":"https:\/\/simoffice.pt\/index.php\/product\/brother-impressora-termica-ql-1060n-para-etiquetas-e-rotulos\/"},"modified":"2022-07-04T15:13:50","modified_gmt":"2022-07-04T15:13:50","slug":"brother-impressora-termica-ql-1060n-para-etiquetas-e-rotulos","status":"publish","type":"product","link":"https:\/\/simoffice.pt\/index.php\/product\/brother-impressora-termica-ql-1060n-para-etiquetas-e-rotulos\/","title":{"rendered":"Brother Impressora Termica QL-1060N para Etiquetas e Rotulos"},"content":{"rendered":"<p>QL-1060N<br \/>\nImpressora de etiquetas. Velocidade de impress\u00e3o at\u00e9 69 eqtiquetas\/minuto. At\u00e9 102 mm altura de etiqueta. com as mesmas especifica\u00e7\u00f5es do modelo QL-1050. Inclui servidor de<br \/>\nPlaca de rede integrada. Liga\u00e7\u00e3o USB e Porta de S\u00e9rie. Compat\u00edvel com Windows<br \/>\n2000\/XP\/Vista e Mac OS.10.2-10.4.9 (Power PC), Mac OS 10.4.4-10.4.9 <\/p>\n","protected":false},"excerpt":{"rendered":"<p>QL-1060N Impressora de etiquetas. Velocidade de impress\u00e3o at\u00e9 69 eqtiquetas\/minuto. At\u00e9 102 mm altura de etiqueta. com as mesmas especifica\u00e7\u00f5es do modelo QL-1050. Inclui servidor de Placa de rede integrada. Liga\u00e7\u00e3o USB e Porta de S\u00e9rie. Compat\u00edvel com Windows 2000\/XP\/Vista e Mac OS.10.2-10.4.9 (Power PC), Mac OS 10.4.4-10.4.9<\/p>\n","protected":false},"featured_media":5336,"template":"","meta":[],"product_cat":[75],"product_tag":[],"_links":{"self":[{"href":"https:\/\/simoffice.pt\/index.php\/wp-json\/wp\/v2\/product\/5335"}],"collection":[{"href":"https:\/\/simoffice.pt\/index.php\/wp-json\/wp\/v2\/product"}],"about":[{"href":"https:\/\/simoffice.pt\/index.php\/wp-json\/wp\/v2\/types\/product"}],"wp:featuredmedia":[{"embeddable":true,"href":"https:\/\/simoffice.pt\/index.php\/wp-json\/wp\/v2\/media\/5336"}],"wp:attachment":[{"href":"https:\/\/simoffice.pt\/index.php\/wp-json\/wp\/v2\/media?parent=5335"}],"wp:term":[{"taxonomy":"product_cat","embeddable":true,"href":"https:\/\/simoffice.pt\/index.php\/wp-json\/wp\/v2\/product_cat?post=5335"},{"taxonomy":"product_tag","embeddable":true,"href":"https:\/\/simoffice.pt\/index.php\/wp-json\/wp\/v2\/product_tag?post=5335"}],"curies":[{"name":"wp","href":"https:\/\/api.w.org\/{rel}","templated":true}]}}