{"id":5327,"date":"2022-07-04T15:13:20","date_gmt":"2022-07-04T15:13:20","guid":{"rendered":"https:\/\/simoffice.pt\/index.php\/product\/cartao-micro-sdhc-32gb-uhs-i-u3-class-10-adata-c-adaptador-sd\/"},"modified":"2022-07-04T15:13:26","modified_gmt":"2022-07-04T15:13:26","slug":"cartao-micro-sdhc-32gb-uhs-i-u3-class-10-adata-c-adaptador-sd","status":"publish","type":"product","link":"https:\/\/simoffice.pt\/index.php\/product\/cartao-micro-sdhc-32gb-uhs-i-u3-class-10-adata-c-adaptador-sd\/","title":{"rendered":"Cart\u00e3o Micro SDHC 32GB UHS-I U3 Class 10 ADATA C\/ Adaptador SD"},"content":{"rendered":"<p>Micro SDHC\/SDXC UHS-I U3 32GB ADATA<br \/>\nInclui Adaptador Full-Size SD para o SDHC<br \/>\nVelocidade de leitura at\u00e9 95 MB\/s<br \/>\nDimens\u00f5es: 11 x 15 x 1mm<br \/>\nPeso: 0.25g<\/p>\n<p>MICRO SDHC\/SDXC UHS-I U3 32GB CLASS 10 ADATA com Adaptador SD. Dimens\u00f5es 11 x 15 x 1mm e Peso: 0.25g. Suporta FHD 1080p e UHD 4K grava\u00e7\u00e3o e reprodu\u00e7\u00e3o. Qualidade extra, Durabilidade extra, Excelente Produto ADATA.Velocidade de leitural at\u00e9 95 MB\/s. \u00c0 prova de \u00e1gua, choque, raio x est\u00e1tica e resistente a interfer\u00eancias magn\u00e9ticas. Resistencia a altera\u00e7\u00f5es de temperatura extremas.<\/p>\n<p>Tipo \/ Formato Cart\u00e3o Mem\u00f3ria SDHC\/SDXC UHS-I U3<br \/>\nCapacidade 32GB<br \/>\nAlimenta\u00e7\u00e3o 2.7 &#8211; 3.6V<br \/>\nTipo de embalagem Blister<br \/>\nDimens\u00f5es com Embalagem 11 x 15 x 1mm<br \/>\nPeso 0,25g<br \/>\nPeso com embalagem 0,30g<br \/>\nQuantidade por Embalagem 1<br \/>\nGarantia 2 Anos<\/p>\n","protected":false},"excerpt":{"rendered":"<p>Micro SDHC\/SDXC UHS-I U3 32GB ADATA Inclui Adaptador Full-Size SD para o SDHC Velocidade de leitura at\u00e9 95 MB\/s Dimens\u00f5es: 11 x 15 x 1mm Peso: 0.25g MICRO SDHC\/SDXC UHS-I U3 32GB CLASS 10 ADATA com Adaptador SD. Dimens\u00f5es 11 x 15 x 1mm e Peso: 0.25g. Suporta FHD 1080p e UHD 4K grava\u00e7\u00e3o e [&hellip;]<\/p>\n","protected":false},"featured_media":5328,"template":"","meta":[],"product_cat":[75],"product_tag":[],"_links":{"self":[{"href":"https:\/\/simoffice.pt\/index.php\/wp-json\/wp\/v2\/product\/5327"}],"collection":[{"href":"https:\/\/simoffice.pt\/index.php\/wp-json\/wp\/v2\/product"}],"about":[{"href":"https:\/\/simoffice.pt\/index.php\/wp-json\/wp\/v2\/types\/product"}],"wp:featuredmedia":[{"embeddable":true,"href":"https:\/\/simoffice.pt\/index.php\/wp-json\/wp\/v2\/media\/5328"}],"wp:attachment":[{"href":"https:\/\/simoffice.pt\/index.php\/wp-json\/wp\/v2\/media?parent=5327"}],"wp:term":[{"taxonomy":"product_cat","embeddable":true,"href":"https:\/\/simoffice.pt\/index.php\/wp-json\/wp\/v2\/product_cat?post=5327"},{"taxonomy":"product_tag","embeddable":true,"href":"https:\/\/simoffice.pt\/index.php\/wp-json\/wp\/v2\/product_tag?post=5327"}],"curies":[{"name":"wp","href":"https:\/\/api.w.org\/{rel}","templated":true}]}}