{"id":5312,"date":"2022-07-04T15:12:30","date_gmt":"2022-07-04T15:12:30","guid":{"rendered":"https:\/\/simoffice.pt\/index.php\/product\/quadro-branco-60x90cm-porcelana-magnetico-cr0601170\/"},"modified":"2022-07-04T15:12:38","modified_gmt":"2022-07-04T15:12:38","slug":"quadro-branco-60x90cm-porcelana-magnetico-cr0601170","status":"publish","type":"product","link":"https:\/\/simoffice.pt\/index.php\/product\/quadro-branco-60x90cm-porcelana-magnetico-cr0601170\/","title":{"rendered":"Quadro Branco 60X90cm Porcelana Magnetico (CR0601170)"},"content":{"rendered":"<p>Quadro escolar magn\u00e9tico para escrita com marcador, com uma face em melamina, porcelana, cer\u00e2mica ou vidro, para fixa\u00e7\u00e3o \u00e0 parede. Pode facilmente colocar o apagador no quadro uma vez que o mesmo fica preso devido ao \u00edman.<\/p>\n","protected":false},"excerpt":{"rendered":"<p>Quadro escolar magn\u00e9tico para escrita com marcador, com uma face em melamina, porcelana, cer\u00e2mica ou vidro, para fixa\u00e7\u00e3o \u00e0 parede. Pode facilmente colocar o apagador no quadro uma vez que o mesmo fica preso devido ao \u00edman.<\/p>\n","protected":false},"featured_media":5313,"template":"","meta":[],"product_cat":[76],"product_tag":[],"_links":{"self":[{"href":"https:\/\/simoffice.pt\/index.php\/wp-json\/wp\/v2\/product\/5312"}],"collection":[{"href":"https:\/\/simoffice.pt\/index.php\/wp-json\/wp\/v2\/product"}],"about":[{"href":"https:\/\/simoffice.pt\/index.php\/wp-json\/wp\/v2\/types\/product"}],"wp:featuredmedia":[{"embeddable":true,"href":"https:\/\/simoffice.pt\/index.php\/wp-json\/wp\/v2\/media\/5313"}],"wp:attachment":[{"href":"https:\/\/simoffice.pt\/index.php\/wp-json\/wp\/v2\/media?parent=5312"}],"wp:term":[{"taxonomy":"product_cat","embeddable":true,"href":"https:\/\/simoffice.pt\/index.php\/wp-json\/wp\/v2\/product_cat?post=5312"},{"taxonomy":"product_tag","embeddable":true,"href":"https:\/\/simoffice.pt\/index.php\/wp-json\/wp\/v2\/product_tag?post=5312"}],"curies":[{"name":"wp","href":"https:\/\/api.w.org\/{rel}","templated":true}]}}