{"id":5298,"date":"2022-07-04T15:11:47","date_gmt":"2022-07-04T15:11:47","guid":{"rendered":"https:\/\/simoffice.pt\/index.php\/product\/kingston-ssdnow-uv400-sata-3-2-5-240gb-7mm\/"},"modified":"2022-07-04T15:11:53","modified_gmt":"2022-07-04T15:11:53","slug":"kingston-ssdnow-uv400-sata-3-2-5-240gb-7mm","status":"publish","type":"product","link":"https:\/\/simoffice.pt\/index.php\/product\/kingston-ssdnow-uv400-sata-3-2-5-240gb-7mm\/","title":{"rendered":"Kingston SSDNow UV400 SATA 3 2.5 240gb (7mm )"},"content":{"rendered":"<p>Pesos e dimens\u00f5es<br \/>\nLargura do produto 10 cm<br \/>\nProfundidade da Unidade 7 mm<br \/>\nAltura da Unidade 6,99 cm<br \/>\nPeso do produto 57 g<br \/>\nGest\u00e3o de energia<br \/>\nConsumo de energia (leitura) 0,59 W<br \/>\nConsumo de energia em modo de espera 0,672 W<br \/>\nConsumo de energia (escrita) 2,515 W<br \/>\nConsumo de energia (m\u00e9dia) 0,693 W<br \/>\nCondi\u00e7\u00f5es ambientais<br \/>\nTemperatura ambiente 0 &#8211; 70 \u00b0C<br \/>\nLimite de temperaturas (armazenamento) -40 &#8211; 85 \u00b0C<br \/>\nVibra\u00e7\u00e3o n\u00e3o operacional 20 G<br \/>\nVibra\u00e7\u00e3o operacional 2,17 G<br \/>\nEmbalagem<br \/>\nCabos SATA<br \/>\nTipo de embalagem Pl\u00e1stico de bolhas<br \/>\nDesign<br \/>\nInterno<br \/>\nCor da caixa Prateado<br \/>\nProtec\u00e7\u00e3o de caracter\u00edsticas Resistente ao choque, Vibration proof<br \/>\nAprova\u00e7\u00f5es Regulamentares FCC, VCI<br \/>\nFator de forma SSD 2.5<\/p>\n<p>Desempenho<br \/>\nCapacidade da drive SSD 240 GB<br \/>\nInterfaces da drive SSD ATA serial III<br \/>\nTaxa de transfer\u00eancia de dados 6 Gbit\/s<br \/>\nVelocidade de leitura, suporte 550 MB\/s<br \/>\nVelocidade de escrita 490 MB\/s<br \/>\nLeitura aleat\u00f3ria (4KB) 90000 IOPS<br \/>\nEscrita aleat\u00f3ria (4KB) 25000 IOPS<br \/>\nMTBF 1000000 h<br \/>\nClassifica\u00e7\u00e3o TBW 128<br \/>\nTipo de mem\u00f3ria TLC<br \/>\nTipo de controlador Marvell 88SS1074<br \/>\nSoftware<br \/>\nSoftware incorporado Acronis data migration<br \/>\nSistema operativo Windows suportado<br \/>\nSistema operativo Mac suportado<br \/>\nSistema operativo Linux suportado <\/p>\n","protected":false},"excerpt":{"rendered":"<p>Pesos e dimens\u00f5es Largura do produto 10 cm Profundidade da Unidade 7 mm Altura da Unidade 6,99 cm Peso do produto 57 g Gest\u00e3o de energia Consumo de energia (leitura) 0,59 W Consumo de energia em modo de espera 0,672 W Consumo de energia (escrita) 2,515 W Consumo de energia (m\u00e9dia) 0,693 W Condi\u00e7\u00f5es ambientais [&hellip;]<\/p>\n","protected":false},"featured_media":5299,"template":"","meta":[],"product_cat":[75],"product_tag":[],"_links":{"self":[{"href":"https:\/\/simoffice.pt\/index.php\/wp-json\/wp\/v2\/product\/5298"}],"collection":[{"href":"https:\/\/simoffice.pt\/index.php\/wp-json\/wp\/v2\/product"}],"about":[{"href":"https:\/\/simoffice.pt\/index.php\/wp-json\/wp\/v2\/types\/product"}],"wp:featuredmedia":[{"embeddable":true,"href":"https:\/\/simoffice.pt\/index.php\/wp-json\/wp\/v2\/media\/5299"}],"wp:attachment":[{"href":"https:\/\/simoffice.pt\/index.php\/wp-json\/wp\/v2\/media?parent=5298"}],"wp:term":[{"taxonomy":"product_cat","embeddable":true,"href":"https:\/\/simoffice.pt\/index.php\/wp-json\/wp\/v2\/product_cat?post=5298"},{"taxonomy":"product_tag","embeddable":true,"href":"https:\/\/simoffice.pt\/index.php\/wp-json\/wp\/v2\/product_tag?post=5298"}],"curies":[{"name":"wp","href":"https:\/\/api.w.org\/{rel}","templated":true}]}}