{"id":5294,"date":"2022-07-04T15:11:33","date_gmt":"2022-07-04T15:11:33","guid":{"rendered":"https:\/\/simoffice.pt\/index.php\/product\/cisalha-gbc-rexel-mod-a515-pro-4-in-1\/"},"modified":"2022-07-04T15:11:39","modified_gmt":"2022-07-04T15:11:39","slug":"cisalha-gbc-rexel-mod-a515-pro-4-in-1","status":"publish","type":"product","link":"https:\/\/simoffice.pt\/index.php\/product\/cisalha-gbc-rexel-mod-a515-pro-4-in-1\/","title":{"rendered":"Cisalha GBC\/Rexel Mod. A515 PRO 4 in 1"},"content":{"rendered":"<p>Tamanho m\u00e1ximo de corte: 387 mm.<br \/>\nTamanho m\u00e1ximo do papel: A4<br \/>\nCapacidade de corte: 30 folhas (corte reto), 5 folhas (vinco), 10 folhas (picotado)<br \/>\nTipos de corte: reto, vinco e picotado<br \/>\nMedidas na base: A4, A5, A6 e A7<br \/>\nMedidas em cent\u00edmetros e polegadas: v<br \/>\nDiagonais: v<br \/>\nBase: Metal<br \/>\nBatente lateral: v<br \/>\nCalcador: manual<br \/>\nL\u00e2mina de substitui\u00e7\u00e3o: v<br \/>\nBases de corte: v<br \/>\nPeso: 4,2 kg.<br \/>\nSuperf\u00edcie de trabalho (C x L) mm.: 387 x 355<br \/>\nDimens\u00f5es da m\u00e1quina (C x L x A) mm.: 615 x 410 x 117<\/p>\n","protected":false},"excerpt":{"rendered":"<p>Tamanho m\u00e1ximo de corte: 387 mm. Tamanho m\u00e1ximo do papel: A4 Capacidade de corte: 30 folhas (corte reto), 5 folhas (vinco), 10 folhas (picotado) Tipos de corte: reto, vinco e picotado Medidas na base: A4, A5, A6 e A7 Medidas em cent\u00edmetros e polegadas: v Diagonais: v Base: Metal Batente lateral: v Calcador: manual L\u00e2mina [&hellip;]<\/p>\n","protected":false},"featured_media":5295,"template":"","meta":[],"product_cat":[74],"product_tag":[],"_links":{"self":[{"href":"https:\/\/simoffice.pt\/index.php\/wp-json\/wp\/v2\/product\/5294"}],"collection":[{"href":"https:\/\/simoffice.pt\/index.php\/wp-json\/wp\/v2\/product"}],"about":[{"href":"https:\/\/simoffice.pt\/index.php\/wp-json\/wp\/v2\/types\/product"}],"wp:featuredmedia":[{"embeddable":true,"href":"https:\/\/simoffice.pt\/index.php\/wp-json\/wp\/v2\/media\/5295"}],"wp:attachment":[{"href":"https:\/\/simoffice.pt\/index.php\/wp-json\/wp\/v2\/media?parent=5294"}],"wp:term":[{"taxonomy":"product_cat","embeddable":true,"href":"https:\/\/simoffice.pt\/index.php\/wp-json\/wp\/v2\/product_cat?post=5294"},{"taxonomy":"product_tag","embeddable":true,"href":"https:\/\/simoffice.pt\/index.php\/wp-json\/wp\/v2\/product_tag?post=5294"}],"curies":[{"name":"wp","href":"https:\/\/api.w.org\/{rel}","templated":true}]}}