{"id":5283,"date":"2022-07-04T15:11:02","date_gmt":"2022-07-04T15:11:02","guid":{"rendered":"https:\/\/simoffice.pt\/index.php\/product\/cola-ultra-rapida-control-uhu-super-cola-3gr\/"},"modified":"2022-07-04T15:11:08","modified_gmt":"2022-07-04T15:11:08","slug":"cola-ultra-rapida-control-uhu-super-cola-3gr","status":"publish","type":"product","link":"https:\/\/simoffice.pt\/index.php\/product\/cola-ultra-rapida-control-uhu-super-cola-3gr\/","title":{"rendered":"Cola Ultra Rapida Control UHU Super Cola 3gr"},"content":{"rendered":"<p>Colagem em segundos. Para v\u00e1rios tipos de materiais (porcelana, madeira, pl\u00e1stico, metal, borracha, couro, m\u00e1rmore, etc.<br \/>\nM\u00e1xima for\u00e7a de uni\u00e3o.<\/p>\n<p>Ulltra Rapida e extremamente forte a super cola liquida com tecnologia de controlo Fluxo. <\/p>\n","protected":false},"excerpt":{"rendered":"<p>Colagem em segundos. Para v\u00e1rios tipos de materiais (porcelana, madeira, pl\u00e1stico, metal, borracha, couro, m\u00e1rmore, etc. M\u00e1xima for\u00e7a de uni\u00e3o. Ulltra Rapida e extremamente forte a super cola liquida com tecnologia de controlo Fluxo.<\/p>\n","protected":false},"featured_media":5284,"template":"","meta":[],"product_cat":[74],"product_tag":[],"_links":{"self":[{"href":"https:\/\/simoffice.pt\/index.php\/wp-json\/wp\/v2\/product\/5283"}],"collection":[{"href":"https:\/\/simoffice.pt\/index.php\/wp-json\/wp\/v2\/product"}],"about":[{"href":"https:\/\/simoffice.pt\/index.php\/wp-json\/wp\/v2\/types\/product"}],"wp:featuredmedia":[{"embeddable":true,"href":"https:\/\/simoffice.pt\/index.php\/wp-json\/wp\/v2\/media\/5284"}],"wp:attachment":[{"href":"https:\/\/simoffice.pt\/index.php\/wp-json\/wp\/v2\/media?parent=5283"}],"wp:term":[{"taxonomy":"product_cat","embeddable":true,"href":"https:\/\/simoffice.pt\/index.php\/wp-json\/wp\/v2\/product_cat?post=5283"},{"taxonomy":"product_tag","embeddable":true,"href":"https:\/\/simoffice.pt\/index.php\/wp-json\/wp\/v2\/product_tag?post=5283"}],"curies":[{"name":"wp","href":"https:\/\/api.w.org\/{rel}","templated":true}]}}