{"id":5281,"date":"2022-07-04T15:10:54","date_gmt":"2022-07-04T15:10:54","guid":{"rendered":"https:\/\/simoffice.pt\/index.php\/product\/fita-adesiva-dupla-face-tesa-powerbond-interior-19mmx15mts\/"},"modified":"2022-07-04T15:11:00","modified_gmt":"2022-07-04T15:11:00","slug":"fita-adesiva-dupla-face-tesa-powerbond-interior-19mmx15mts","status":"publish","type":"product","link":"https:\/\/simoffice.pt\/index.php\/product\/fita-adesiva-dupla-face-tesa-powerbond-interior-19mmx15mts\/","title":{"rendered":"Fita Adesiva Dupla Face Tesa PowerBond Interior 19mmx1,5mts"},"content":{"rendered":"<p>Fita de dupla-face extra-forte tesa\u00ae para uma grande variedade de aplica\u00e7\u00f5es dom\u00e9sticas, em especial para colar pequenos objectos no interior.<\/p>\n<p>Ideal para utiliza\u00e7\u00e3o no interior.<br \/>\nFixa\u00e7\u00e3o extra-forte.<br \/>\nFixa at\u00e9 5kg* por 10cm de fita.<br \/>\nFixa-se a azulejos, estuque, madeira e \u00e0 maioria dos pl\u00e1sticos.<br \/>\n*Para objectos planos com at\u00e9 10mm de espessura e na maioria das superf\u00edcies suaves e suficientemente firmes.<\/p>\n","protected":false},"excerpt":{"rendered":"<p>Fita de dupla-face extra-forte tesa\u00ae para uma grande variedade de aplica\u00e7\u00f5es dom\u00e9sticas, em especial para colar pequenos objectos no interior. Ideal para utiliza\u00e7\u00e3o no interior. Fixa\u00e7\u00e3o extra-forte. Fixa at\u00e9 5kg* por 10cm de fita. Fixa-se a azulejos, estuque, madeira e \u00e0 maioria dos pl\u00e1sticos. *Para objectos planos com at\u00e9 10mm de espessura e na maioria [&hellip;]<\/p>\n","protected":false},"featured_media":5282,"template":"","meta":[],"product_cat":[74],"product_tag":[],"_links":{"self":[{"href":"https:\/\/simoffice.pt\/index.php\/wp-json\/wp\/v2\/product\/5281"}],"collection":[{"href":"https:\/\/simoffice.pt\/index.php\/wp-json\/wp\/v2\/product"}],"about":[{"href":"https:\/\/simoffice.pt\/index.php\/wp-json\/wp\/v2\/types\/product"}],"wp:featuredmedia":[{"embeddable":true,"href":"https:\/\/simoffice.pt\/index.php\/wp-json\/wp\/v2\/media\/5282"}],"wp:attachment":[{"href":"https:\/\/simoffice.pt\/index.php\/wp-json\/wp\/v2\/media?parent=5281"}],"wp:term":[{"taxonomy":"product_cat","embeddable":true,"href":"https:\/\/simoffice.pt\/index.php\/wp-json\/wp\/v2\/product_cat?post=5281"},{"taxonomy":"product_tag","embeddable":true,"href":"https:\/\/simoffice.pt\/index.php\/wp-json\/wp\/v2\/product_tag?post=5281"}],"curies":[{"name":"wp","href":"https:\/\/api.w.org\/{rel}","templated":true}]}}