{"id":5277,"date":"2022-07-04T15:10:42","date_gmt":"2022-07-04T15:10:42","guid":{"rendered":"https:\/\/simoffice.pt\/index.php\/product\/napofix-suporte-tecto-videoprojector-m350-branco\/"},"modified":"2022-07-04T15:10:48","modified_gmt":"2022-07-04T15:10:48","slug":"napofix-suporte-tecto-videoprojector-m350-branco","status":"publish","type":"product","link":"https:\/\/simoffice.pt\/index.php\/product\/napofix-suporte-tecto-videoprojector-m350-branco\/","title":{"rendered":"Napofix suporte tecto videoprojector m350 branco"},"content":{"rendered":"<p>Informa\u00e7\u00e3o Detalhada<br \/>\nDescri\u00e7\u00e3o do Produto Suporte de Teto p\/ Projetor (universal)<br \/>\nCompatibilidade Universal<br \/>\nC\u00f4r Branco <\/p>\n","protected":false},"excerpt":{"rendered":"<p>Informa\u00e7\u00e3o Detalhada Descri\u00e7\u00e3o do Produto Suporte de Teto p\/ Projetor (universal) Compatibilidade Universal C\u00f4r Branco<\/p>\n","protected":false},"featured_media":5278,"template":"","meta":[],"product_cat":[76],"product_tag":[],"_links":{"self":[{"href":"https:\/\/simoffice.pt\/index.php\/wp-json\/wp\/v2\/product\/5277"}],"collection":[{"href":"https:\/\/simoffice.pt\/index.php\/wp-json\/wp\/v2\/product"}],"about":[{"href":"https:\/\/simoffice.pt\/index.php\/wp-json\/wp\/v2\/types\/product"}],"wp:featuredmedia":[{"embeddable":true,"href":"https:\/\/simoffice.pt\/index.php\/wp-json\/wp\/v2\/media\/5278"}],"wp:attachment":[{"href":"https:\/\/simoffice.pt\/index.php\/wp-json\/wp\/v2\/media?parent=5277"}],"wp:term":[{"taxonomy":"product_cat","embeddable":true,"href":"https:\/\/simoffice.pt\/index.php\/wp-json\/wp\/v2\/product_cat?post=5277"},{"taxonomy":"product_tag","embeddable":true,"href":"https:\/\/simoffice.pt\/index.php\/wp-json\/wp\/v2\/product_tag?post=5277"}],"curies":[{"name":"wp","href":"https:\/\/api.w.org\/{rel}","templated":true}]}}