{"id":5275,"date":"2022-07-04T15:10:38","date_gmt":"2022-07-04T15:10:38","guid":{"rendered":"https:\/\/simoffice.pt\/index.php\/product\/napofix-tela-electrica-200x112-c-moldura-e169-2090-90-169-drop-4cm\/"},"modified":"2022-07-04T15:10:44","modified_gmt":"2022-07-04T15:10:44","slug":"napofix-tela-electrica-200x112-c-moldura-e169-2090-90-169-drop-4cm","status":"publish","type":"product","link":"https:\/\/simoffice.pt\/index.php\/product\/napofix-tela-electrica-200x112-c-moldura-e169-2090-90-169-drop-4cm\/","title":{"rendered":"Napofix Tela El\u00e9ctrica 200&#215;112 c\/moldura E169-2090 90&#8243; 16:9 Drop 4cm"},"content":{"rendered":"<p>Caracteristicas<br \/>\nTipo de Tela El\u00e9ctrica<br \/>\n\u00c1rea de Proje\u00e7\u00e3o 2000 x 1120 mm<br \/>\nDimens\u00f5es da Tela 2080 x 1440 mm<br \/>\nMedidas em Polegadas 90&#8243;<br \/>\nRela\u00e7\u00e3o 16:9<br \/>\nDimens\u00e3o da Caixa 85 x 2177 x 85 mm<br \/>\nEAN 5603209000236<br \/>\nInclui<br \/>\nPossibilidade de fixa\u00e7\u00e3o \u00e0 parede e ao tecto<br \/>\n4 black borders<br \/>\nTela Matte White<br \/>\nTravamento autom\u00e1tico<br \/>\nComutador de parede e comando via r\u00e1dio<br \/>\nMotor Tubular e silencioso 220V<br \/>\nDrop 4<br \/>\nTop Drop 30 <\/p>\n","protected":false},"excerpt":{"rendered":"<p>Caracteristicas Tipo de Tela El\u00e9ctrica \u00c1rea de Proje\u00e7\u00e3o 2000 x 1120 mm Dimens\u00f5es da Tela 2080 x 1440 mm Medidas em Polegadas 90&#8243; Rela\u00e7\u00e3o 16:9 Dimens\u00e3o da Caixa 85 x 2177 x 85 mm EAN 5603209000236 Inclui Possibilidade de fixa\u00e7\u00e3o \u00e0 parede e ao tecto 4 black borders Tela Matte White Travamento autom\u00e1tico Comutador de [&hellip;]<\/p>\n","protected":false},"featured_media":5276,"template":"","meta":[],"product_cat":[76],"product_tag":[],"_links":{"self":[{"href":"https:\/\/simoffice.pt\/index.php\/wp-json\/wp\/v2\/product\/5275"}],"collection":[{"href":"https:\/\/simoffice.pt\/index.php\/wp-json\/wp\/v2\/product"}],"about":[{"href":"https:\/\/simoffice.pt\/index.php\/wp-json\/wp\/v2\/types\/product"}],"wp:featuredmedia":[{"embeddable":true,"href":"https:\/\/simoffice.pt\/index.php\/wp-json\/wp\/v2\/media\/5276"}],"wp:attachment":[{"href":"https:\/\/simoffice.pt\/index.php\/wp-json\/wp\/v2\/media?parent=5275"}],"wp:term":[{"taxonomy":"product_cat","embeddable":true,"href":"https:\/\/simoffice.pt\/index.php\/wp-json\/wp\/v2\/product_cat?post=5275"},{"taxonomy":"product_tag","embeddable":true,"href":"https:\/\/simoffice.pt\/index.php\/wp-json\/wp\/v2\/product_tag?post=5275"}],"curies":[{"name":"wp","href":"https:\/\/api.w.org\/{rel}","templated":true}]}}