{"id":5254,"date":"2022-07-04T15:09:28","date_gmt":"2022-07-04T15:09:28","guid":{"rendered":"https:\/\/simoffice.pt\/index.php\/product\/tinta-almofada-de-carimbos-285ml-epene-vermelho\/"},"modified":"2022-07-04T15:09:35","modified_gmt":"2022-07-04T15:09:35","slug":"tinta-almofada-de-carimbos-285ml-epene-vermelho","status":"publish","type":"product","link":"https:\/\/simoffice.pt\/index.php\/product\/tinta-almofada-de-carimbos-285ml-epene-vermelho\/","title":{"rendered":"Tinta Almofada de Carimbos 28,5ml Epene &#8211; Vermelho"},"content":{"rendered":"<p>Ideal para coloca\u00e7\u00e3o em almofadas<br \/>\nde carimbos autotint\u00e1veis .<br \/>\nF\u00e1cil de colocar e manusear.<\/p>\n","protected":false},"excerpt":{"rendered":"<p>Ideal para coloca\u00e7\u00e3o em almofadas de carimbos autotint\u00e1veis . F\u00e1cil de colocar e manusear.<\/p>\n","protected":false},"featured_media":5255,"template":"","meta":[],"product_cat":[74],"product_tag":[],"_links":{"self":[{"href":"https:\/\/simoffice.pt\/index.php\/wp-json\/wp\/v2\/product\/5254"}],"collection":[{"href":"https:\/\/simoffice.pt\/index.php\/wp-json\/wp\/v2\/product"}],"about":[{"href":"https:\/\/simoffice.pt\/index.php\/wp-json\/wp\/v2\/types\/product"}],"wp:featuredmedia":[{"embeddable":true,"href":"https:\/\/simoffice.pt\/index.php\/wp-json\/wp\/v2\/media\/5255"}],"wp:attachment":[{"href":"https:\/\/simoffice.pt\/index.php\/wp-json\/wp\/v2\/media?parent=5254"}],"wp:term":[{"taxonomy":"product_cat","embeddable":true,"href":"https:\/\/simoffice.pt\/index.php\/wp-json\/wp\/v2\/product_cat?post=5254"},{"taxonomy":"product_tag","embeddable":true,"href":"https:\/\/simoffice.pt\/index.php\/wp-json\/wp\/v2\/product_tag?post=5254"}],"curies":[{"name":"wp","href":"https:\/\/api.w.org\/{rel}","templated":true}]}}