{"id":5252,"date":"2022-07-04T15:09:20","date_gmt":"2022-07-04T15:09:20","guid":{"rendered":"https:\/\/simoffice.pt\/index.php\/product\/agrafador-no10-para-8-folhas-eagle-azul\/"},"modified":"2022-07-04T15:09:26","modified_gmt":"2022-07-04T15:09:26","slug":"agrafador-no10-para-8-folhas-eagle-azul","status":"publish","type":"product","link":"https:\/\/simoffice.pt\/index.php\/product\/agrafador-no10-para-8-folhas-eagle-azul\/","title":{"rendered":"Agrafador N\u00ba10 para 8 Folhas Eagle Azul"},"content":{"rendered":"<p>Ideial para utiliza\u00e7\u00e3o escolar ou pequenos escrit\u00f3rios.<\/p>\n","protected":false},"excerpt":{"rendered":"<p>Ideial para utiliza\u00e7\u00e3o escolar ou pequenos escrit\u00f3rios.<\/p>\n","protected":false},"featured_media":5253,"template":"","meta":[],"product_cat":[74],"product_tag":[],"_links":{"self":[{"href":"https:\/\/simoffice.pt\/index.php\/wp-json\/wp\/v2\/product\/5252"}],"collection":[{"href":"https:\/\/simoffice.pt\/index.php\/wp-json\/wp\/v2\/product"}],"about":[{"href":"https:\/\/simoffice.pt\/index.php\/wp-json\/wp\/v2\/types\/product"}],"wp:featuredmedia":[{"embeddable":true,"href":"https:\/\/simoffice.pt\/index.php\/wp-json\/wp\/v2\/media\/5253"}],"wp:attachment":[{"href":"https:\/\/simoffice.pt\/index.php\/wp-json\/wp\/v2\/media?parent=5252"}],"wp:term":[{"taxonomy":"product_cat","embeddable":true,"href":"https:\/\/simoffice.pt\/index.php\/wp-json\/wp\/v2\/product_cat?post=5252"},{"taxonomy":"product_tag","embeddable":true,"href":"https:\/\/simoffice.pt\/index.php\/wp-json\/wp\/v2\/product_tag?post=5252"}],"curies":[{"name":"wp","href":"https:\/\/api.w.org\/{rel}","templated":true}]}}