{"id":5207,"date":"2022-07-04T15:07:00","date_gmt":"2022-07-04T15:07:00","guid":{"rendered":"https:\/\/simoffice.pt\/index.php\/product\/1000mbps-rj45-to-1000mbps-multi-mode-sc-fiber-converter-full-duplexup-to-550m-switching-power-adapter-chassis-mountable\/"},"modified":"2022-07-04T15:07:00","modified_gmt":"2022-07-04T15:07:00","slug":"1000mbps-rj45-to-1000mbps-multi-mode-sc-fiber-converter-full-duplexup-to-550m-switching-power-adapter-chassis-mountable","status":"publish","type":"product","link":"https:\/\/simoffice.pt\/index.php\/product\/1000mbps-rj45-to-1000mbps-multi-mode-sc-fiber-converter-full-duplexup-to-550m-switching-power-adapter-chassis-mountable\/","title":{"rendered":"1000Mbps RJ45 to 1000Mbps multi-mode SC fiber Converter, Full-duplex,up to 550m, switching power adapter, chassis mountable"},"content":{"rendered":"<p>etalhes t\u00e9cnicos<br \/>\nWavelength 850 nm<br \/>\nDist\u00e2ncia m\u00e1xima de transfer\u00eancia 550 m<br \/>\nInterface 1x 1000M SC<br \/>\n1x 1000M RJ45<br \/>\nConectividade<br \/>\nTecnologia da conectividade Com fios<br \/>\nPesos e dimens\u00f5es<br \/>\nDimens\u00f5es do produto (LxPxA) 94.5 x 73 x 27 mm<br \/>\nCondi\u00e7\u00f5es ambientais<br \/>\nTemperatura ambiente 0 &#8211; 40 \u00b0C<br \/>\nLimite de temperaturas (armazenamento) -40 &#8211; 70 \u00b0C<br \/>\nGama de humidade relativa 10 &#8211; 90 %<br \/>\nHumidade de n\u00e3o funcionamento 5 &#8211; 90 %<br \/>\nAprova\u00e7\u00e3o regulamentar<br \/>\nAprova\u00e7\u00f5es Regulamentares FCC, CE<br \/>\nilumina\u00e7\u00e3o\/alarmes<br \/>\nVisor com LED duplo LINK<br \/>\nOther features<br \/>\nTecnologia de cablagem UTP 5e, 5<br \/>\nConforme com IEEE 802.3ab, IEEE 802.3z, IEEE 802.3x<br \/>\nFull duplex <\/p>\n","protected":false},"excerpt":{"rendered":"<p>etalhes t\u00e9cnicos Wavelength 850 nm Dist\u00e2ncia m\u00e1xima de transfer\u00eancia 550 m Interface 1x 1000M SC 1x 1000M RJ45 Conectividade Tecnologia da conectividade Com fios Pesos e dimens\u00f5es Dimens\u00f5es do produto (LxPxA) 94.5 x 73 x 27 mm Condi\u00e7\u00f5es ambientais Temperatura ambiente 0 &#8211; 40 \u00b0C Limite de temperaturas (armazenamento) -40 &#8211; 70 \u00b0C Gama de [&hellip;]<\/p>\n","protected":false},"featured_media":0,"template":"","meta":[],"product_cat":[75],"product_tag":[],"_links":{"self":[{"href":"https:\/\/simoffice.pt\/index.php\/wp-json\/wp\/v2\/product\/5207"}],"collection":[{"href":"https:\/\/simoffice.pt\/index.php\/wp-json\/wp\/v2\/product"}],"about":[{"href":"https:\/\/simoffice.pt\/index.php\/wp-json\/wp\/v2\/types\/product"}],"wp:attachment":[{"href":"https:\/\/simoffice.pt\/index.php\/wp-json\/wp\/v2\/media?parent=5207"}],"wp:term":[{"taxonomy":"product_cat","embeddable":true,"href":"https:\/\/simoffice.pt\/index.php\/wp-json\/wp\/v2\/product_cat?post=5207"},{"taxonomy":"product_tag","embeddable":true,"href":"https:\/\/simoffice.pt\/index.php\/wp-json\/wp\/v2\/product_tag?post=5207"}],"curies":[{"name":"wp","href":"https:\/\/api.w.org\/{rel}","templated":true}]}}