{"id":5197,"date":"2022-07-04T15:06:28","date_gmt":"2022-07-04T15:06:28","guid":{"rendered":"https:\/\/simoffice.pt\/index.php\/product\/kingston-pen-drive-8gb-usb-3-0-datatraveler-i-g4-yellow\/"},"modified":"2022-07-04T15:06:33","modified_gmt":"2022-07-04T15:06:33","slug":"kingston-pen-drive-8gb-usb-3-0-datatraveler-i-g4-yellow","status":"publish","type":"product","link":"https:\/\/simoffice.pt\/index.php\/product\/kingston-pen-drive-8gb-usb-3-0-datatraveler-i-g4-yellow\/","title":{"rendered":"Kingston Pen Drive 8GB USB 3.0 Datatraveler I G4 Yellow"},"content":{"rendered":"<p>Mem\u00f3ria<br \/>\nBus PCI USB 3.0<br \/>\nEstrutura Cap<br \/>\nCapacidade 8 GB<br \/>\nSistema operacional\/software<br \/>\nSistema operativo Windows suportado Windows 7 Home Basic, Windows 7 Home Basic x64, Windows 7 Home Premium, Windows 7 Home Premium x64, Windows 7 Professional, Windows 7 Professional x64, Windows 7 Starter, Windows 7 Starter x64, Windows 7 Ultimate, Windows 7 Ultimate x64, Windows 8, Windows 8 Enterprise, Windows 8 Enterprise x64, Windows 8 Pro, Windows 8 Pro x64, Windows 8 x64, Windows 8.1, Windows 8.1 Enterprise, Windows 8.1 Enterprise x64, Windows 8.1 Pro, Windows 8.1 Pro x64, Windows 8.1 x64, Windows Vista Business, Windows&#8230;<br \/>\nSistema operativo Mac suportado Mac OS X 10.6 Snow Leopard, Mac OS X 10.7 Lion, Mac OS X 10.8 Mountain Lion<br \/>\nSistema operativo Linux suportado<br \/>\nDetalhes t\u00e9cnicos<br \/>\nGarantia 5 Yrs<br \/>\nCor da caixa Branco, Amarelo<br \/>\nPesquisa de ficha t\u00e9cnica .<br \/>\nCompatibilidade Plug &amp; Play<br \/>\nVoltagem de mem\u00f3ria 5 V<br \/>\nDisposi\u00e7\u00e3o da mem\u00f3ria 1 x 8192 MB<br \/>\nTipo de mem\u00f3ria incorporada Flash<br \/>\nRegistado<br \/>\nCapacidade da mem\u00f3ria incorporada 8192 MB<br \/>\nConfigura\u00e7\u00e3o do m\u00f3dulo (N\/A) (N\/A)<br \/>\nMontagem em prateleira 4-pin USB 3.0 Flash Drive<br \/>\nQuantidade 1<br \/>\nPesos e dimens\u00f5es<br \/>\nAltura da Unidade 10.1 mm<br \/>\nLargura do produto 55 mm<br \/>\nProfundidade da Unidade 21 mm<br \/>\nCondi\u00e7\u00f5es ambientais<br \/>\nTemperatura ambiente 0 &#8211; 60 \u00b0C<br \/>\nLimite de temperaturas (armazenamento) -20 &#8211; 85 \u00b0C<br \/>\nGest\u00e3o de energia<br \/>\nVoltagem operativa 5 V<br \/>\nEmbalagem<br \/>\nTipo de embalagem Blister <\/p>\n","protected":false},"excerpt":{"rendered":"<p>Mem\u00f3ria Bus PCI USB 3.0 Estrutura Cap Capacidade 8 GB Sistema operacional\/software Sistema operativo Windows suportado Windows 7 Home Basic, Windows 7 Home Basic x64, Windows 7 Home Premium, Windows 7 Home Premium x64, Windows 7 Professional, Windows 7 Professional x64, Windows 7 Starter, Windows 7 Starter x64, Windows 7 Ultimate, Windows 7 Ultimate x64, [&hellip;]<\/p>\n","protected":false},"featured_media":5198,"template":"","meta":[],"product_cat":[75],"product_tag":[],"_links":{"self":[{"href":"https:\/\/simoffice.pt\/index.php\/wp-json\/wp\/v2\/product\/5197"}],"collection":[{"href":"https:\/\/simoffice.pt\/index.php\/wp-json\/wp\/v2\/product"}],"about":[{"href":"https:\/\/simoffice.pt\/index.php\/wp-json\/wp\/v2\/types\/product"}],"wp:featuredmedia":[{"embeddable":true,"href":"https:\/\/simoffice.pt\/index.php\/wp-json\/wp\/v2\/media\/5198"}],"wp:attachment":[{"href":"https:\/\/simoffice.pt\/index.php\/wp-json\/wp\/v2\/media?parent=5197"}],"wp:term":[{"taxonomy":"product_cat","embeddable":true,"href":"https:\/\/simoffice.pt\/index.php\/wp-json\/wp\/v2\/product_cat?post=5197"},{"taxonomy":"product_tag","embeddable":true,"href":"https:\/\/simoffice.pt\/index.php\/wp-json\/wp\/v2\/product_tag?post=5197"}],"curies":[{"name":"wp","href":"https:\/\/api.w.org\/{rel}","templated":true}]}}