{"id":5170,"date":"2022-07-04T15:05:06","date_gmt":"2022-07-04T15:05:06","guid":{"rendered":"https:\/\/simoffice.pt\/index.php\/product\/flash-drive-16gb-kingston-datatraveler-se9-prata\/"},"modified":"2022-07-04T15:05:13","modified_gmt":"2022-07-04T15:05:13","slug":"flash-drive-16gb-kingston-datatraveler-se9-prata","status":"publish","type":"product","link":"https:\/\/simoffice.pt\/index.php\/product\/flash-drive-16gb-kingston-datatraveler-se9-prata\/","title":{"rendered":"Flash Drive 16GB Kingston DataTraveler SE9 Prata"},"content":{"rendered":"<p>Capacidade &#8211; 16GB<br \/>\nSuporta Windows \u00ae 8, Windows Vista \u00ae, XP Mac<br \/>\nCaixa met\u00e1lica Elegante<br \/>\nLa\u00e7o resistente<br \/>\nurDrive software dispon\u00edvel para download<\/p>\n","protected":false},"excerpt":{"rendered":"<p>Capacidade &#8211; 16GB Suporta Windows \u00ae 8, Windows Vista \u00ae, XP Mac Caixa met\u00e1lica Elegante La\u00e7o resistente urDrive software dispon\u00edvel para download<\/p>\n","protected":false},"featured_media":5171,"template":"","meta":[],"product_cat":[75],"product_tag":[],"_links":{"self":[{"href":"https:\/\/simoffice.pt\/index.php\/wp-json\/wp\/v2\/product\/5170"}],"collection":[{"href":"https:\/\/simoffice.pt\/index.php\/wp-json\/wp\/v2\/product"}],"about":[{"href":"https:\/\/simoffice.pt\/index.php\/wp-json\/wp\/v2\/types\/product"}],"wp:featuredmedia":[{"embeddable":true,"href":"https:\/\/simoffice.pt\/index.php\/wp-json\/wp\/v2\/media\/5171"}],"wp:attachment":[{"href":"https:\/\/simoffice.pt\/index.php\/wp-json\/wp\/v2\/media?parent=5170"}],"wp:term":[{"taxonomy":"product_cat","embeddable":true,"href":"https:\/\/simoffice.pt\/index.php\/wp-json\/wp\/v2\/product_cat?post=5170"},{"taxonomy":"product_tag","embeddable":true,"href":"https:\/\/simoffice.pt\/index.php\/wp-json\/wp\/v2\/product_tag?post=5170"}],"curies":[{"name":"wp","href":"https:\/\/api.w.org\/{rel}","templated":true}]}}