{"id":5152,"date":"2022-07-04T15:04:11","date_gmt":"2022-07-04T15:04:11","guid":{"rendered":"https:\/\/simoffice.pt\/index.php\/product\/minas-scriva-07hb-tubo\/"},"modified":"2022-07-04T15:04:16","modified_gmt":"2022-07-04T15:04:16","slug":"minas-scriva-07hb-tubo","status":"publish","type":"product","link":"https:\/\/simoffice.pt\/index.php\/product\/minas-scriva-07hb-tubo\/","title":{"rendered":"Minas Scriva 0,7HB Tubo"},"content":{"rendered":"<p>Extremamente resistentes.<br \/>\nDispon\u00edveis em dureza m\u00e9dia, macia e extramacia.<br \/>\nIndicadas principalmente para o uso t\u00e9cnico e para a cria\u00e7\u00e3o de desenhos.<\/p>\n","protected":false},"excerpt":{"rendered":"<p>Extremamente resistentes. Dispon\u00edveis em dureza m\u00e9dia, macia e extramacia. Indicadas principalmente para o uso t\u00e9cnico e para a cria\u00e7\u00e3o de desenhos.<\/p>\n","protected":false},"featured_media":5153,"template":"","meta":[],"product_cat":[74],"product_tag":[],"_links":{"self":[{"href":"https:\/\/simoffice.pt\/index.php\/wp-json\/wp\/v2\/product\/5152"}],"collection":[{"href":"https:\/\/simoffice.pt\/index.php\/wp-json\/wp\/v2\/product"}],"about":[{"href":"https:\/\/simoffice.pt\/index.php\/wp-json\/wp\/v2\/types\/product"}],"wp:featuredmedia":[{"embeddable":true,"href":"https:\/\/simoffice.pt\/index.php\/wp-json\/wp\/v2\/media\/5153"}],"wp:attachment":[{"href":"https:\/\/simoffice.pt\/index.php\/wp-json\/wp\/v2\/media?parent=5152"}],"wp:term":[{"taxonomy":"product_cat","embeddable":true,"href":"https:\/\/simoffice.pt\/index.php\/wp-json\/wp\/v2\/product_cat?post=5152"},{"taxonomy":"product_tag","embeddable":true,"href":"https:\/\/simoffice.pt\/index.php\/wp-json\/wp\/v2\/product_tag?post=5152"}],"curies":[{"name":"wp","href":"https:\/\/api.w.org\/{rel}","templated":true}]}}