{"id":5119,"date":"2022-07-04T15:02:34","date_gmt":"2022-07-04T15:02:34","guid":{"rendered":"https:\/\/simoffice.pt\/index.php\/product\/kingston-value-ram-8gb-2133mhz-ddr4-non-ecc-cl15-sodimm-1rx8\/"},"modified":"2022-07-04T15:02:40","modified_gmt":"2022-07-04T15:02:40","slug":"kingston-value-ram-8gb-2133mhz-ddr4-non-ecc-cl15-sodimm-1rx8","status":"publish","type":"product","link":"https:\/\/simoffice.pt\/index.php\/product\/kingston-value-ram-8gb-2133mhz-ddr4-non-ecc-cl15-sodimm-1rx8\/","title":{"rendered":"Kingston Value Ram 8Gb 2133mhz DDR4 Non-ECC CL15 SODIMM 1Rx8"},"content":{"rendered":"<p>Mem\u00f3ria<br \/>\nActualiza\u00e7\u00e3o do tempo de ciclo row 350 ns<br \/>\nCapacidade da mem\u00f3ria incorporada 8 GB<br \/>\nCobertura de chumbo Dourado<br \/>\nConfigura\u00e7\u00e3o do m\u00f3dulo 1024M x 64<br \/>\nECC<br \/>\nLat\u00eancia CAS 15<br \/>\nTempo activo row 33 ns<br \/>\nTempo de ciclo row 46,5 ns<br \/>\nTipo de embalagem SO-DIMM<br \/>\nTipo de mem\u00f3ria PC-17000<br \/>\nTipo de mem\u00f3ria incorporada DDR4<br \/>\nVelocidade do clock 2133 MHz<br \/>\nUnbuffered memory<br \/>\nFactor de forma de mem\u00f3ria 260-pin SO-DIMM<br \/>\nMem\u00f3ria ranking 2<br \/>\nComponente para Notebook<br \/>\nVoltagem de mem\u00f3ria 1.2 V<br \/>\nConfigura\u00e7\u00e3o da mem\u00f3ria (m\u00f3dulos x dimens\u00f5es) 1 x 8 GB<br \/>\nMem\u00f3ria n\u00e3o guardada<br \/>\nTotal de mem\u00f3ria buffer<br \/>\nPesos e dimens\u00f5es<br \/>\nAltura da Unidade 30 mm<br \/>\nCondi\u00e7\u00f5es ambientais<br \/>\nTemperatura ambiente 0 &#8211; 85 \u00b0C<br \/>\nLimite de temperaturas (armazenamento) -55 &#8211; 100 \u00b0C<br \/>\nRequisitos do sistema<br \/>\nSistema operativo Windows suportado<br \/>\nSistema operativo Mac suportado<br \/>\nSistema operativo Linux suportado<br \/>\nDesign<br \/>\nCor da caixa Verde<br \/>\nSem halog\u00e9nio<br \/>\nConformidade com RoHS<br \/>\nOutras caracter\u00edsticas<br \/>\nN\u00famero de pinos 260 <\/p>\n","protected":false},"excerpt":{"rendered":"<p>Mem\u00f3ria Actualiza\u00e7\u00e3o do tempo de ciclo row 350 ns Capacidade da mem\u00f3ria incorporada 8 GB Cobertura de chumbo Dourado Configura\u00e7\u00e3o do m\u00f3dulo 1024M x 64 ECC Lat\u00eancia CAS 15 Tempo activo row 33 ns Tempo de ciclo row 46,5 ns Tipo de embalagem SO-DIMM Tipo de mem\u00f3ria PC-17000 Tipo de mem\u00f3ria incorporada DDR4 Velocidade do [&hellip;]<\/p>\n","protected":false},"featured_media":5120,"template":"","meta":[],"product_cat":[75],"product_tag":[],"_links":{"self":[{"href":"https:\/\/simoffice.pt\/index.php\/wp-json\/wp\/v2\/product\/5119"}],"collection":[{"href":"https:\/\/simoffice.pt\/index.php\/wp-json\/wp\/v2\/product"}],"about":[{"href":"https:\/\/simoffice.pt\/index.php\/wp-json\/wp\/v2\/types\/product"}],"wp:featuredmedia":[{"embeddable":true,"href":"https:\/\/simoffice.pt\/index.php\/wp-json\/wp\/v2\/media\/5120"}],"wp:attachment":[{"href":"https:\/\/simoffice.pt\/index.php\/wp-json\/wp\/v2\/media?parent=5119"}],"wp:term":[{"taxonomy":"product_cat","embeddable":true,"href":"https:\/\/simoffice.pt\/index.php\/wp-json\/wp\/v2\/product_cat?post=5119"},{"taxonomy":"product_tag","embeddable":true,"href":"https:\/\/simoffice.pt\/index.php\/wp-json\/wp\/v2\/product_tag?post=5119"}],"curies":[{"name":"wp","href":"https:\/\/api.w.org\/{rel}","templated":true}]}}