{"id":5102,"date":"2022-07-04T15:01:44","date_gmt":"2022-07-04T15:01:44","guid":{"rendered":"https:\/\/simoffice.pt\/index.php\/product\/pasta-arquivo-l80-310x290-c-cx-fixa-ref-200cc-preto\/"},"modified":"2022-07-04T15:01:50","modified_gmt":"2022-07-04T15:01:50","slug":"pasta-arquivo-l80-310x290-c-cx-fixa-ref-200cc-preto","status":"publish","type":"product","link":"https:\/\/simoffice.pt\/index.php\/product\/pasta-arquivo-l80-310x290-c-cx-fixa-ref-200cc-preto\/","title":{"rendered":"Pasta Arquivo L80 310&#215;290 c \/ Cx.Fixa Ref 200CC Preto"},"content":{"rendered":"<p>Em cart\u00e3o fibra, com r\u00f3tulo impresso, ferragem de alavanca, calcador e \u00f3culo.<br \/>\nCaixas em cart\u00e3o revestido a papel litografado.<br \/>\nLombada de 80mm.<\/p>\n","protected":false},"excerpt":{"rendered":"<p>Em cart\u00e3o fibra, com r\u00f3tulo impresso, ferragem de alavanca, calcador e \u00f3culo. Caixas em cart\u00e3o revestido a papel litografado. Lombada de 80mm.<\/p>\n","protected":false},"featured_media":5103,"template":"","meta":[],"product_cat":[74],"product_tag":[],"_links":{"self":[{"href":"https:\/\/simoffice.pt\/index.php\/wp-json\/wp\/v2\/product\/5102"}],"collection":[{"href":"https:\/\/simoffice.pt\/index.php\/wp-json\/wp\/v2\/product"}],"about":[{"href":"https:\/\/simoffice.pt\/index.php\/wp-json\/wp\/v2\/types\/product"}],"wp:featuredmedia":[{"embeddable":true,"href":"https:\/\/simoffice.pt\/index.php\/wp-json\/wp\/v2\/media\/5103"}],"wp:attachment":[{"href":"https:\/\/simoffice.pt\/index.php\/wp-json\/wp\/v2\/media?parent=5102"}],"wp:term":[{"taxonomy":"product_cat","embeddable":true,"href":"https:\/\/simoffice.pt\/index.php\/wp-json\/wp\/v2\/product_cat?post=5102"},{"taxonomy":"product_tag","embeddable":true,"href":"https:\/\/simoffice.pt\/index.php\/wp-json\/wp\/v2\/product_tag?post=5102"}],"curies":[{"name":"wp","href":"https:\/\/api.w.org\/{rel}","templated":true}]}}