{"id":5096,"date":"2022-07-04T15:01:23","date_gmt":"2022-07-04T15:01:23","guid":{"rendered":"https:\/\/simoffice.pt\/index.php\/product\/pastacx-fixa-l40-310x290-marmor-preto\/"},"modified":"2022-07-04T15:01:29","modified_gmt":"2022-07-04T15:01:29","slug":"pastacx-fixa-l40-310x290-marmor-preto","status":"publish","type":"product","link":"https:\/\/simoffice.pt\/index.php\/product\/pastacx-fixa-l40-310x290-marmor-preto\/","title":{"rendered":"Pasta+Cx Fixa L40 310&#215;290 Marmor Preto"},"content":{"rendered":"<p>Cart\u00e3o forrado com papel kraft marmoreado.<br \/>\nFerragem de alavanca, \u00f3culo em a\u00e7o cromado.<br \/>\nCom Caixa.<\/p>\n","protected":false},"excerpt":{"rendered":"<p>Cart\u00e3o forrado com papel kraft marmoreado. Ferragem de alavanca, \u00f3culo em a\u00e7o cromado. Com Caixa.<\/p>\n","protected":false},"featured_media":5097,"template":"","meta":[],"product_cat":[74],"product_tag":[],"_links":{"self":[{"href":"https:\/\/simoffice.pt\/index.php\/wp-json\/wp\/v2\/product\/5096"}],"collection":[{"href":"https:\/\/simoffice.pt\/index.php\/wp-json\/wp\/v2\/product"}],"about":[{"href":"https:\/\/simoffice.pt\/index.php\/wp-json\/wp\/v2\/types\/product"}],"wp:featuredmedia":[{"embeddable":true,"href":"https:\/\/simoffice.pt\/index.php\/wp-json\/wp\/v2\/media\/5097"}],"wp:attachment":[{"href":"https:\/\/simoffice.pt\/index.php\/wp-json\/wp\/v2\/media?parent=5096"}],"wp:term":[{"taxonomy":"product_cat","embeddable":true,"href":"https:\/\/simoffice.pt\/index.php\/wp-json\/wp\/v2\/product_cat?post=5096"},{"taxonomy":"product_tag","embeddable":true,"href":"https:\/\/simoffice.pt\/index.php\/wp-json\/wp\/v2\/product_tag?post=5096"}],"curies":[{"name":"wp","href":"https:\/\/api.w.org\/{rel}","templated":true}]}}