{"id":5080,"date":"2022-07-04T15:00:33","date_gmt":"2022-07-04T15:00:33","guid":{"rendered":"https:\/\/simoffice.pt\/index.php\/product\/velleman-pilha-de-lithium-cr2032-3v-230mah-em-blister-de-5un\/"},"modified":"2022-07-04T15:00:39","modified_gmt":"2022-07-04T15:00:39","slug":"velleman-pilha-de-lithium-cr2032-3v-230mah-em-blister-de-5un","status":"publish","type":"product","link":"https:\/\/simoffice.pt\/index.php\/product\/velleman-pilha-de-lithium-cr2032-3v-230mah-em-blister-de-5un\/","title":{"rendered":"Velleman Pilha de LITHIUM CR2032 3V-230mAh em blister de 5un"},"content":{"rendered":"<p>100% compat\u00edvel com CR2030<\/p>\n<p>Especifica\u00e7\u00f5es<\/p>\n<p>Tens\u00e3o nominal: 3.0V<br \/>\nCapacidade: 230mAh<br \/>\nIEC: CR2032<br \/>\nformato: &#8211;<br \/>\noutros: 5004LC<br \/>\ndimens\u00f5es: 20 x 3,2 mil\u00edmetros<br \/>\nPacote: 5 baterias em blister<\/p>\n<p>Informa\u00e7\u00f5es da embalagem<\/p>\n<p>Tipo de embalagem: Blister cart\u00e3o<\/p>\n","protected":false},"excerpt":{"rendered":"<p>100% compat\u00edvel com CR2030 Especifica\u00e7\u00f5es Tens\u00e3o nominal: 3.0V Capacidade: 230mAh IEC: CR2032 formato: &#8211; outros: 5004LC dimens\u00f5es: 20 x 3,2 mil\u00edmetros Pacote: 5 baterias em blister Informa\u00e7\u00f5es da embalagem Tipo de embalagem: Blister cart\u00e3o<\/p>\n","protected":false},"featured_media":5081,"template":"","meta":[],"product_cat":[74],"product_tag":[],"_links":{"self":[{"href":"https:\/\/simoffice.pt\/index.php\/wp-json\/wp\/v2\/product\/5080"}],"collection":[{"href":"https:\/\/simoffice.pt\/index.php\/wp-json\/wp\/v2\/product"}],"about":[{"href":"https:\/\/simoffice.pt\/index.php\/wp-json\/wp\/v2\/types\/product"}],"wp:featuredmedia":[{"embeddable":true,"href":"https:\/\/simoffice.pt\/index.php\/wp-json\/wp\/v2\/media\/5081"}],"wp:attachment":[{"href":"https:\/\/simoffice.pt\/index.php\/wp-json\/wp\/v2\/media?parent=5080"}],"wp:term":[{"taxonomy":"product_cat","embeddable":true,"href":"https:\/\/simoffice.pt\/index.php\/wp-json\/wp\/v2\/product_cat?post=5080"},{"taxonomy":"product_tag","embeddable":true,"href":"https:\/\/simoffice.pt\/index.php\/wp-json\/wp\/v2\/product_tag?post=5080"}],"curies":[{"name":"wp","href":"https:\/\/api.w.org\/{rel}","templated":true}]}}