{"id":5045,"date":"2022-07-04T14:58:48","date_gmt":"2022-07-04T14:58:48","guid":{"rendered":"https:\/\/simoffice.pt\/index.php\/product\/fellowes-destruidor-documentos-corte-particulas-73ci-12-folhas\/"},"modified":"2022-07-04T14:58:54","modified_gmt":"2022-07-04T14:58:54","slug":"fellowes-destruidor-documentos-corte-particulas-73ci-12-folhas","status":"publish","type":"product","link":"https:\/\/simoffice.pt\/index.php\/product\/fellowes-destruidor-documentos-corte-particulas-73ci-12-folhas\/","title":{"rendered":"Fellowes Destruidor documentos corte particulas 73CI 12 folhas"},"content":{"rendered":"<p> Destr\u00f3i at\u00e9 12 folhas em<br \/>\npart\u00edculas de 4x38mm<br \/>\n\u2022 1-3 utilizadores<br \/>\n\u2022 Tecnologia 100% anti-encravamento<br \/>\n\u2022 Sistema de poupan\u00e7a de energia que reduz o consumo e desliga ap\u00f3s per\u00edodos de inatividade.<br \/>\n\u2022 Tecnologia de seguran\u00e7a SafeSense que desliga a m\u00e1quina quando a m\u00e3o toca na boca de entrada<br \/>\nDestr\u00f3i agrafos, Clips, cds e Cart\u00f5es<br \/>\n\u2022 Dimens\u00f5es: 500x390x275mm (AxLxP)<\/p>\n","protected":false},"excerpt":{"rendered":"<p>Destr\u00f3i at\u00e9 12 folhas em part\u00edculas de 4x38mm \u2022 1-3 utilizadores \u2022 Tecnologia 100% anti-encravamento \u2022 Sistema de poupan\u00e7a de energia que reduz o consumo e desliga ap\u00f3s per\u00edodos de inatividade. \u2022 Tecnologia de seguran\u00e7a SafeSense que desliga a m\u00e1quina quando a m\u00e3o toca na boca de entrada Destr\u00f3i agrafos, Clips, cds e Cart\u00f5es \u2022 [&hellip;]<\/p>\n","protected":false},"featured_media":5046,"template":"","meta":[],"product_cat":[74],"product_tag":[],"_links":{"self":[{"href":"https:\/\/simoffice.pt\/index.php\/wp-json\/wp\/v2\/product\/5045"}],"collection":[{"href":"https:\/\/simoffice.pt\/index.php\/wp-json\/wp\/v2\/product"}],"about":[{"href":"https:\/\/simoffice.pt\/index.php\/wp-json\/wp\/v2\/types\/product"}],"wp:featuredmedia":[{"embeddable":true,"href":"https:\/\/simoffice.pt\/index.php\/wp-json\/wp\/v2\/media\/5046"}],"wp:attachment":[{"href":"https:\/\/simoffice.pt\/index.php\/wp-json\/wp\/v2\/media?parent=5045"}],"wp:term":[{"taxonomy":"product_cat","embeddable":true,"href":"https:\/\/simoffice.pt\/index.php\/wp-json\/wp\/v2\/product_cat?post=5045"},{"taxonomy":"product_tag","embeddable":true,"href":"https:\/\/simoffice.pt\/index.php\/wp-json\/wp\/v2\/product_tag?post=5045"}],"curies":[{"name":"wp","href":"https:\/\/api.w.org\/{rel}","templated":true}]}}