{"id":5041,"date":"2022-07-04T14:58:36","date_gmt":"2022-07-04T14:58:36","guid":{"rendered":"https:\/\/simoffice.pt\/index.php\/product\/marcador-uniball-signo-um151s-07mm-preto\/"},"modified":"2022-07-04T14:58:42","modified_gmt":"2022-07-04T14:58:42","slug":"marcador-uniball-signo-um151s-07mm-preto","status":"publish","type":"product","link":"https:\/\/simoffice.pt\/index.php\/product\/marcador-uniball-signo-um151s-07mm-preto\/","title":{"rendered":"Marcador Uniball Signo UM151S 0,7mm Preto"},"content":{"rendered":"<p>Anti Derrapante<br \/>\n\u00c9 um marcador de escrita m\u00e9dia com uma ponta em metal de grande precis\u00e3o e durabilidade com uma tinta em gel que permite desenhar linhas finas e s\u00f3lidas. Pega em borracha confort\u00e1vel para alta precis\u00e3o e pouca fadiga<\/p>\n","protected":false},"excerpt":{"rendered":"<p>Anti Derrapante \u00c9 um marcador de escrita m\u00e9dia com uma ponta em metal de grande precis\u00e3o e durabilidade com uma tinta em gel que permite desenhar linhas finas e s\u00f3lidas. Pega em borracha confort\u00e1vel para alta precis\u00e3o e pouca fadiga<\/p>\n","protected":false},"featured_media":5042,"template":"","meta":[],"product_cat":[74],"product_tag":[],"_links":{"self":[{"href":"https:\/\/simoffice.pt\/index.php\/wp-json\/wp\/v2\/product\/5041"}],"collection":[{"href":"https:\/\/simoffice.pt\/index.php\/wp-json\/wp\/v2\/product"}],"about":[{"href":"https:\/\/simoffice.pt\/index.php\/wp-json\/wp\/v2\/types\/product"}],"wp:featuredmedia":[{"embeddable":true,"href":"https:\/\/simoffice.pt\/index.php\/wp-json\/wp\/v2\/media\/5042"}],"wp:attachment":[{"href":"https:\/\/simoffice.pt\/index.php\/wp-json\/wp\/v2\/media?parent=5041"}],"wp:term":[{"taxonomy":"product_cat","embeddable":true,"href":"https:\/\/simoffice.pt\/index.php\/wp-json\/wp\/v2\/product_cat?post=5041"},{"taxonomy":"product_tag","embeddable":true,"href":"https:\/\/simoffice.pt\/index.php\/wp-json\/wp\/v2\/product_tag?post=5041"}],"curies":[{"name":"wp","href":"https:\/\/api.w.org\/{rel}","templated":true}]}}