{"id":5023,"date":"2022-07-04T14:57:47","date_gmt":"2022-07-04T14:57:47","guid":{"rendered":"https:\/\/simoffice.pt\/index.php\/product\/papel-fotocopia-a4-75gr-discovery-5x500folhas\/"},"modified":"2022-07-04T14:57:53","modified_gmt":"2022-07-04T14:57:53","slug":"papel-fotocopia-a4-75gr-discovery-5x500folhas","status":"publish","type":"product","link":"https:\/\/simoffice.pt\/index.php\/product\/papel-fotocopia-a4-75gr-discovery-5x500folhas\/","title":{"rendered":"Papel Fotocopia A4 75gr Discovery 5x500Folhas"},"content":{"rendered":"<p>Eco \u2013 Efici\u00eancia. Desempenho em equipamentos de escrit\u00f3rio de alto volume que se equipara \u00e0 folhas tradicionais de 80gr.<br \/>\nIdeal para impress\u00f5es e fotoc\u00f3pias r\u00e1pidas sem bloqueios.<br \/>\nPermite impress\u00e3o dos dois lados.<\/p>\n","protected":false},"excerpt":{"rendered":"<p>Eco \u2013 Efici\u00eancia. Desempenho em equipamentos de escrit\u00f3rio de alto volume que se equipara \u00e0 folhas tradicionais de 80gr. Ideal para impress\u00f5es e fotoc\u00f3pias r\u00e1pidas sem bloqueios. Permite impress\u00e3o dos dois lados.<\/p>\n","protected":false},"featured_media":5024,"template":"","meta":[],"product_cat":[74],"product_tag":[],"_links":{"self":[{"href":"https:\/\/simoffice.pt\/index.php\/wp-json\/wp\/v2\/product\/5023"}],"collection":[{"href":"https:\/\/simoffice.pt\/index.php\/wp-json\/wp\/v2\/product"}],"about":[{"href":"https:\/\/simoffice.pt\/index.php\/wp-json\/wp\/v2\/types\/product"}],"wp:featuredmedia":[{"embeddable":true,"href":"https:\/\/simoffice.pt\/index.php\/wp-json\/wp\/v2\/media\/5024"}],"wp:attachment":[{"href":"https:\/\/simoffice.pt\/index.php\/wp-json\/wp\/v2\/media?parent=5023"}],"wp:term":[{"taxonomy":"product_cat","embeddable":true,"href":"https:\/\/simoffice.pt\/index.php\/wp-json\/wp\/v2\/product_cat?post=5023"},{"taxonomy":"product_tag","embeddable":true,"href":"https:\/\/simoffice.pt\/index.php\/wp-json\/wp\/v2\/product_tag?post=5023"}],"curies":[{"name":"wp","href":"https:\/\/api.w.org\/{rel}","templated":true}]}}