{"id":5019,"date":"2022-07-04T14:57:36","date_gmt":"2022-07-04T14:57:36","guid":{"rendered":"https:\/\/simoffice.pt\/index.php\/product\/esferografica-uni-ball-gelstick-um-170-07mm-azul-cx-12un\/"},"modified":"2022-07-04T14:57:42","modified_gmt":"2022-07-04T14:57:42","slug":"esferografica-uni-ball-gelstick-um-170-07mm-azul-cx-12un","status":"publish","type":"product","link":"https:\/\/simoffice.pt\/index.php\/product\/esferografica-uni-ball-gelstick-um-170-07mm-azul-cx-12un\/","title":{"rendered":"Esferografica Uni Ball Gelstick UM-170 0,7mm Azul Cx 12un"},"content":{"rendered":"<p>A sua tecnologia avan\u00e7ada, faz deste roller um produto de excelente qualidade, muito econ\u00f3mico e de escrita suave. Design ergon\u00f3mico de tra\u00e7os simples e modernos.<\/p>\n","protected":false},"excerpt":{"rendered":"<p>A sua tecnologia avan\u00e7ada, faz deste roller um produto de excelente qualidade, muito econ\u00f3mico e de escrita suave. Design ergon\u00f3mico de tra\u00e7os simples e modernos.<\/p>\n","protected":false},"featured_media":5020,"template":"","meta":[],"product_cat":[74],"product_tag":[],"_links":{"self":[{"href":"https:\/\/simoffice.pt\/index.php\/wp-json\/wp\/v2\/product\/5019"}],"collection":[{"href":"https:\/\/simoffice.pt\/index.php\/wp-json\/wp\/v2\/product"}],"about":[{"href":"https:\/\/simoffice.pt\/index.php\/wp-json\/wp\/v2\/types\/product"}],"wp:featuredmedia":[{"embeddable":true,"href":"https:\/\/simoffice.pt\/index.php\/wp-json\/wp\/v2\/media\/5020"}],"wp:attachment":[{"href":"https:\/\/simoffice.pt\/index.php\/wp-json\/wp\/v2\/media?parent=5019"}],"wp:term":[{"taxonomy":"product_cat","embeddable":true,"href":"https:\/\/simoffice.pt\/index.php\/wp-json\/wp\/v2\/product_cat?post=5019"},{"taxonomy":"product_tag","embeddable":true,"href":"https:\/\/simoffice.pt\/index.php\/wp-json\/wp\/v2\/product_tag?post=5019"}],"curies":[{"name":"wp","href":"https:\/\/api.w.org\/{rel}","templated":true}]}}