{"id":5011,"date":"2022-07-04T14:57:12","date_gmt":"2022-07-04T14:57:12","guid":{"rendered":"https:\/\/simoffice.pt\/index.php\/product\/tabuleiro-porta-documentos-opaco-azul\/"},"modified":"2022-07-04T14:57:19","modified_gmt":"2022-07-04T14:57:19","slug":"tabuleiro-porta-documentos-opaco-azul","status":"publish","type":"product","link":"https:\/\/simoffice.pt\/index.php\/product\/tabuleiro-porta-documentos-opaco-azul\/","title":{"rendered":"Tabuleiro Porta Documentos Opaco Azul"},"content":{"rendered":"<p>Em pl\u00e1stico r\u00edgido. Ideal para organizar documentos na secret\u00e1ria.<\/p>\n","protected":false},"excerpt":{"rendered":"<p>Em pl\u00e1stico r\u00edgido. Ideal para organizar documentos na secret\u00e1ria.<\/p>\n","protected":false},"featured_media":5012,"template":"","meta":[],"product_cat":[74],"product_tag":[],"_links":{"self":[{"href":"https:\/\/simoffice.pt\/index.php\/wp-json\/wp\/v2\/product\/5011"}],"collection":[{"href":"https:\/\/simoffice.pt\/index.php\/wp-json\/wp\/v2\/product"}],"about":[{"href":"https:\/\/simoffice.pt\/index.php\/wp-json\/wp\/v2\/types\/product"}],"wp:featuredmedia":[{"embeddable":true,"href":"https:\/\/simoffice.pt\/index.php\/wp-json\/wp\/v2\/media\/5012"}],"wp:attachment":[{"href":"https:\/\/simoffice.pt\/index.php\/wp-json\/wp\/v2\/media?parent=5011"}],"wp:term":[{"taxonomy":"product_cat","embeddable":true,"href":"https:\/\/simoffice.pt\/index.php\/wp-json\/wp\/v2\/product_cat?post=5011"},{"taxonomy":"product_tag","embeddable":true,"href":"https:\/\/simoffice.pt\/index.php\/wp-json\/wp\/v2\/product_tag?post=5011"}],"curies":[{"name":"wp","href":"https:\/\/api.w.org\/{rel}","templated":true}]}}