{"id":4985,"date":"2022-07-04T14:55:54","date_gmt":"2022-07-04T14:55:54","guid":{"rendered":"https:\/\/simoffice.pt\/index.php\/product\/marcador-quadros-brancos-bic-velleda-1701-verde\/"},"modified":"2022-07-04T14:55:59","modified_gmt":"2022-07-04T14:55:59","slug":"marcador-quadros-brancos-bic-velleda-1701-verde","status":"publish","type":"product","link":"https:\/\/simoffice.pt\/index.php\/product\/marcador-quadros-brancos-bic-velleda-1701-verde\/","title":{"rendered":"Marcador Quadros Brancos BIC Velleda 1701 verde"},"content":{"rendered":"<p>Marcador apag\u00e1vel a seco, de tinta \u00e0 base de alcool com pouco odor.A ponta bloqueada n\u00e3o dobra nem se retrai sobre press\u00e3o.Ponta acrilica em forma de bala de 0,5mm tra\u00e7a linhas com 1,5mm de espessura.<\/p>\n","protected":false},"excerpt":{"rendered":"<p>Marcador apag\u00e1vel a seco, de tinta \u00e0 base de alcool com pouco odor.A ponta bloqueada n\u00e3o dobra nem se retrai sobre press\u00e3o.Ponta acrilica em forma de bala de 0,5mm tra\u00e7a linhas com 1,5mm de espessura.<\/p>\n","protected":false},"featured_media":4986,"template":"","meta":[],"product_cat":[74],"product_tag":[],"_links":{"self":[{"href":"https:\/\/simoffice.pt\/index.php\/wp-json\/wp\/v2\/product\/4985"}],"collection":[{"href":"https:\/\/simoffice.pt\/index.php\/wp-json\/wp\/v2\/product"}],"about":[{"href":"https:\/\/simoffice.pt\/index.php\/wp-json\/wp\/v2\/types\/product"}],"wp:featuredmedia":[{"embeddable":true,"href":"https:\/\/simoffice.pt\/index.php\/wp-json\/wp\/v2\/media\/4986"}],"wp:attachment":[{"href":"https:\/\/simoffice.pt\/index.php\/wp-json\/wp\/v2\/media?parent=4985"}],"wp:term":[{"taxonomy":"product_cat","embeddable":true,"href":"https:\/\/simoffice.pt\/index.php\/wp-json\/wp\/v2\/product_cat?post=4985"},{"taxonomy":"product_tag","embeddable":true,"href":"https:\/\/simoffice.pt\/index.php\/wp-json\/wp\/v2\/product_tag?post=4985"}],"curies":[{"name":"wp","href":"https:\/\/api.w.org\/{rel}","templated":true}]}}