{"id":4975,"date":"2022-07-04T14:55:25","date_gmt":"2022-07-04T14:55:25","guid":{"rendered":"https:\/\/simoffice.pt\/index.php\/product\/lapis-bic-evolution-black-hb-cx-c-4uni\/"},"modified":"2022-07-04T14:55:33","modified_gmt":"2022-07-04T14:55:33","slug":"lapis-bic-evolution-black-hb-cx-c-4uni","status":"publish","type":"product","link":"https:\/\/simoffice.pt\/index.php\/product\/lapis-bic-evolution-black-hb-cx-c-4uni\/","title":{"rendered":"L\u00e1pis Bic Evolution Black HB Cx c\/4uni"},"content":{"rendered":"<p>o : BLACK Lead Grade : HB Caracter\u00edsticas : Sem madeiraResistente a quebrasResistente a mastiga\u00e7\u00e3o Quantidade por embalagem : 4<br \/>\nCor : Preto Comprimento : 17.5 cm Cont\u00e9m material reciclado : 55 % Marca : BiC<\/p>\n","protected":false},"excerpt":{"rendered":"<p>o : BLACK Lead Grade : HB Caracter\u00edsticas : Sem madeiraResistente a quebrasResistente a mastiga\u00e7\u00e3o Quantidade por embalagem : 4 Cor : Preto Comprimento : 17.5 cm Cont\u00e9m material reciclado : 55 % Marca : BiC<\/p>\n","protected":false},"featured_media":4977,"template":"","meta":[],"product_cat":[74],"product_tag":[],"_links":{"self":[{"href":"https:\/\/simoffice.pt\/index.php\/wp-json\/wp\/v2\/product\/4975"}],"collection":[{"href":"https:\/\/simoffice.pt\/index.php\/wp-json\/wp\/v2\/product"}],"about":[{"href":"https:\/\/simoffice.pt\/index.php\/wp-json\/wp\/v2\/types\/product"}],"wp:featuredmedia":[{"embeddable":true,"href":"https:\/\/simoffice.pt\/index.php\/wp-json\/wp\/v2\/media\/4977"}],"wp:attachment":[{"href":"https:\/\/simoffice.pt\/index.php\/wp-json\/wp\/v2\/media?parent=4975"}],"wp:term":[{"taxonomy":"product_cat","embeddable":true,"href":"https:\/\/simoffice.pt\/index.php\/wp-json\/wp\/v2\/product_cat?post=4975"},{"taxonomy":"product_tag","embeddable":true,"href":"https:\/\/simoffice.pt\/index.php\/wp-json\/wp\/v2\/product_tag?post=4975"}],"curies":[{"name":"wp","href":"https:\/\/api.w.org\/{rel}","templated":true}]}}