{"id":4971,"date":"2022-07-04T14:55:13","date_gmt":"2022-07-04T14:55:13","guid":{"rendered":"https:\/\/simoffice.pt\/index.php\/product\/lexmark-toner-602h-corporativo-10k-de-elevada-capacidade\/"},"modified":"2022-07-04T14:55:19","modified_gmt":"2022-07-04T14:55:19","slug":"lexmark-toner-602h-corporativo-10k-de-elevada-capacidade","status":"publish","type":"product","link":"https:\/\/simoffice.pt\/index.php\/product\/lexmark-toner-602h-corporativo-10k-de-elevada-capacidade\/","title":{"rendered":"Lexmark Toner 602H Corporativo 10K de elevada capacidade"},"content":{"rendered":"<p>Detalhes T\u00e9cnicos<br \/>\nCor da caixa Preto<br \/>\nModelo cartridge<br \/>\nCor do toner<br \/>\nNota sobre rendimento por p\u00e1gina ISO\/IEC 19752<br \/>\nTempo de armazenagem 2 ano(s)<br \/>\nQualidade de impress\u00e3o<br \/>\nRendimento por p\u00e1gina 10000 p\u00e1ginas<br \/>\nProdutos suportados Lexmark MX310\/410\/510\/511\/611<br \/>\nCor(es) dos cartuchos de impress\u00e3o Preto<br \/>\nQuantidade 1<br \/>\nTecnologia de impress\u00e3o Laser<br \/>\nCondi\u00e7\u00f5es ambientais<br \/>\nGama de humidade relativa 20 &#8211; 80 %<br \/>\nLimite de temperaturas (armazenamento) -20 &#8211; 40 \u00b0C<br \/>\nTemperatura ambiente 10 &#8211; 30 \u00b0C<br \/>\nHumidade de n\u00e3o funcionamento 10 &#8211; 90 % <\/p>\n","protected":false},"excerpt":{"rendered":"<p>Detalhes T\u00e9cnicos Cor da caixa Preto Modelo cartridge Cor do toner Nota sobre rendimento por p\u00e1gina ISO\/IEC 19752 Tempo de armazenagem 2 ano(s) Qualidade de impress\u00e3o Rendimento por p\u00e1gina 10000 p\u00e1ginas Produtos suportados Lexmark MX310\/410\/510\/511\/611 Cor(es) dos cartuchos de impress\u00e3o Preto Quantidade 1 Tecnologia de impress\u00e3o Laser Condi\u00e7\u00f5es ambientais Gama de humidade relativa 20 &#8211; [&hellip;]<\/p>\n","protected":false},"featured_media":4972,"template":"","meta":[],"product_cat":[72],"product_tag":[],"_links":{"self":[{"href":"https:\/\/simoffice.pt\/index.php\/wp-json\/wp\/v2\/product\/4971"}],"collection":[{"href":"https:\/\/simoffice.pt\/index.php\/wp-json\/wp\/v2\/product"}],"about":[{"href":"https:\/\/simoffice.pt\/index.php\/wp-json\/wp\/v2\/types\/product"}],"wp:featuredmedia":[{"embeddable":true,"href":"https:\/\/simoffice.pt\/index.php\/wp-json\/wp\/v2\/media\/4972"}],"wp:attachment":[{"href":"https:\/\/simoffice.pt\/index.php\/wp-json\/wp\/v2\/media?parent=4971"}],"wp:term":[{"taxonomy":"product_cat","embeddable":true,"href":"https:\/\/simoffice.pt\/index.php\/wp-json\/wp\/v2\/product_cat?post=4971"},{"taxonomy":"product_tag","embeddable":true,"href":"https:\/\/simoffice.pt\/index.php\/wp-json\/wp\/v2\/product_tag?post=4971"}],"curies":[{"name":"wp","href":"https:\/\/api.w.org\/{rel}","templated":true}]}}