{"id":4935,"date":"2022-07-04T14:53:26","date_gmt":"2022-07-04T14:53:26","guid":{"rendered":"https:\/\/simoffice.pt\/index.php\/product\/toshiba-disco-interno-toshiba-3-5-2tb-p300-bulk\/"},"modified":"2022-07-04T14:53:31","modified_gmt":"2022-07-04T14:53:31","slug":"toshiba-disco-interno-toshiba-3-5-2tb-p300-bulk","status":"publish","type":"product","link":"https:\/\/simoffice.pt\/index.php\/product\/toshiba-disco-interno-toshiba-3-5-2tb-p300-bulk\/","title":{"rendered":"Toshiba Disco Interno Toshiba 3.5&#8243; 2TB P300 Bulk"},"content":{"rendered":"<p>Unidade de disco<br \/>\nInterface do host SATA<br \/>\nCapacidade do Disco R\u00edgido 2000 GB<br \/>\nTamanho do disco r\u00edgido 3.5<\/p>\n<p>Tipo de unidade HDD<br \/>\nTamanho da mem\u00f3ria interm\u00e9dia 64 MB<br \/>\nVelocidade rotacional 7200 RPM<br \/>\nRoHS compliance<br \/>\nLat\u00eancia m\u00e9dia 4,17 ms<br \/>\nVelocidade de transfer\u00eancia da interface do disco 6 Gbit\/s<br \/>\nGest\u00e3o de energia<br \/>\nConsumo de energia (leitura) 6,4 W<br \/>\nConsumo de energia (escrita) 6,4 W<br \/>\nCondi\u00e7\u00f5es ambientais<br \/>\nTemperatura ambiente 0 &#8211; 60 \u00b0C<br \/>\nChoque operacional 70 G<br \/>\nChoque n\u00e3o operacional 350 G<br \/>\nVibra\u00e7\u00e3o operacional 0,67 G<br \/>\nVibra\u00e7\u00e3o n\u00e3o operacional 1,04 G<br \/>\nLimite de temperaturas (armazenamento) -40 &#8211; 70 \u00b0C<br \/>\nEmbalagem<br \/>\nQuantidade 1<br \/>\nGuia de inicia\u00e7\u00e3o r\u00e1pida <\/p>\n","protected":false},"excerpt":{"rendered":"<p>Unidade de disco Interface do host SATA Capacidade do Disco R\u00edgido 2000 GB Tamanho do disco r\u00edgido 3.5 Tipo de unidade HDD Tamanho da mem\u00f3ria interm\u00e9dia 64 MB Velocidade rotacional 7200 RPM RoHS compliance Lat\u00eancia m\u00e9dia 4,17 ms Velocidade de transfer\u00eancia da interface do disco 6 Gbit\/s Gest\u00e3o de energia Consumo de energia (leitura) 6,4 [&hellip;]<\/p>\n","protected":false},"featured_media":4936,"template":"","meta":[],"product_cat":[75],"product_tag":[],"_links":{"self":[{"href":"https:\/\/simoffice.pt\/index.php\/wp-json\/wp\/v2\/product\/4935"}],"collection":[{"href":"https:\/\/simoffice.pt\/index.php\/wp-json\/wp\/v2\/product"}],"about":[{"href":"https:\/\/simoffice.pt\/index.php\/wp-json\/wp\/v2\/types\/product"}],"wp:featuredmedia":[{"embeddable":true,"href":"https:\/\/simoffice.pt\/index.php\/wp-json\/wp\/v2\/media\/4936"}],"wp:attachment":[{"href":"https:\/\/simoffice.pt\/index.php\/wp-json\/wp\/v2\/media?parent=4935"}],"wp:term":[{"taxonomy":"product_cat","embeddable":true,"href":"https:\/\/simoffice.pt\/index.php\/wp-json\/wp\/v2\/product_cat?post=4935"},{"taxonomy":"product_tag","embeddable":true,"href":"https:\/\/simoffice.pt\/index.php\/wp-json\/wp\/v2\/product_tag?post=4935"}],"curies":[{"name":"wp","href":"https:\/\/api.w.org\/{rel}","templated":true}]}}