{"id":4933,"date":"2022-07-04T14:53:22","date_gmt":"2022-07-04T14:53:22","guid":{"rendered":"https:\/\/simoffice.pt\/index.php\/product\/lg-tv-direct-led-commercial-lite-integrated-hdtv\/"},"modified":"2022-07-04T14:53:28","modified_gmt":"2022-07-04T14:53:28","slug":"lg-tv-direct-led-commercial-lite-integrated-hdtv","status":"publish","type":"product","link":"https:\/\/simoffice.pt\/index.php\/product\/lg-tv-direct-led-commercial-lite-integrated-hdtv\/","title":{"rendered":"LG TV Direct Led Commercial Lite Integrated HDTV"},"content":{"rendered":"<p>Garantia 2-Year Limited Warranty (Parts and Labor) | Extended Warranties Available<br \/>\nEAN 8806087756388<br \/>\nMonitores<br \/>\nResolu\u00e7\u00e3o 1920 x 1080 FHD<br \/>\nR\u00e1cio de contraste (t\u00edpico) 1.200:1<br \/>\nLuminosidade 350cd\/m2<br \/>\nTempo de resposta (t\u00edpico) 9 ms<br \/>\n\u00c2ngulo de vis\u00e3o (horizontal) 178\u00ba<br \/>\n\u00c2ngulo de vis\u00e3o (vertical) 178\u00ba<br \/>\nSupported video modes<br \/>\nDynamic Color Enhancer<br \/>\nTriple XD Engine<br \/>\nReal Cinema 24p (3:3 pull down)<br \/>\nAspect Ratio : 6 modes &#8211; ( 16:9, Just scan,Set by program, 4:3,Zoom,Cinema zoom1)<br \/>\n\u00c1udio<br \/>\nN\u00famero de Altifalantes 2 x 5W<br \/>\nSistema de som 2.0 ch<br \/>\nSound modes<br \/>\n6 x (Standard, News, Music, Cinema, Sport, Game)<br \/>\nSound Optimizer : 3 Modes (Normal, Wall-Mount Type, Stand Type)<br \/>\nConectividade<br \/>\nQuantidade de portas HDMI 1 x HDMI-in (Side)<br \/>\nQuantidade de portas USB 2.0 1 x USB 2.0 (Side)<br \/>\nComponente entrada v\u00eddeo (YPbP 1 (Y, Pb,Pr) + Audio (L\/R) &#8211; (rear)<br \/>\nEthernet LAN (RJ-45) ports qua 1 x<br \/>\nHDCP 1 x<br \/>\nPorta RS-232 1 x (rear)<br \/>\nQuantidade de portas RF 1 x (rear)<br \/>\nPesos e dimens\u00f5es<br \/>\nLargura do conjunto (com supor 1241 mm<br \/>\nProfundidade do conjunto (com 216.15 mm<br \/>\nAltura do conjunto (com suport 775 mm<br \/>\nGest\u00e3o de energia<br \/>\nConsumo de energia em modo de 0.5W<br \/>\nInput voltage 110 ~ 240V<br \/>\nInput frequency 50\/60Hz<br \/>\nSintonizadores de TV<br \/>\nAnalog signal format system NTSC<br \/>\nDigital signal format system ATSC\/VSB\/Clear QAM<br \/>\nErgonomia<br \/>\nMontagem VESA 300 mm x 300 mm<br \/>\nPerformance<br \/>\nSistemas de ficheiros suportad Supported Media Formats for USB : Moving Picture Playback (Divx HD), Picture (JPEG), Audio Codec (MP3, AC3, MPEG, AAC, HEAAC, CDDA, LPCM) <\/p>\n","protected":false},"excerpt":{"rendered":"<p>Garantia 2-Year Limited Warranty (Parts and Labor) | Extended Warranties Available EAN 8806087756388 Monitores Resolu\u00e7\u00e3o 1920 x 1080 FHD R\u00e1cio de contraste (t\u00edpico) 1.200:1 Luminosidade 350cd\/m2 Tempo de resposta (t\u00edpico) 9 ms \u00c2ngulo de vis\u00e3o (horizontal) 178\u00ba \u00c2ngulo de vis\u00e3o (vertical) 178\u00ba Supported video modes Dynamic Color Enhancer Triple XD Engine Real Cinema 24p (3:3 [&hellip;]<\/p>\n","protected":false},"featured_media":4934,"template":"","meta":[],"product_cat":[76],"product_tag":[],"_links":{"self":[{"href":"https:\/\/simoffice.pt\/index.php\/wp-json\/wp\/v2\/product\/4933"}],"collection":[{"href":"https:\/\/simoffice.pt\/index.php\/wp-json\/wp\/v2\/product"}],"about":[{"href":"https:\/\/simoffice.pt\/index.php\/wp-json\/wp\/v2\/types\/product"}],"wp:featuredmedia":[{"embeddable":true,"href":"https:\/\/simoffice.pt\/index.php\/wp-json\/wp\/v2\/media\/4934"}],"wp:attachment":[{"href":"https:\/\/simoffice.pt\/index.php\/wp-json\/wp\/v2\/media?parent=4933"}],"wp:term":[{"taxonomy":"product_cat","embeddable":true,"href":"https:\/\/simoffice.pt\/index.php\/wp-json\/wp\/v2\/product_cat?post=4933"},{"taxonomy":"product_tag","embeddable":true,"href":"https:\/\/simoffice.pt\/index.php\/wp-json\/wp\/v2\/product_tag?post=4933"}],"curies":[{"name":"wp","href":"https:\/\/api.w.org\/{rel}","templated":true}]}}