{"id":4906,"date":"2022-07-04T14:52:00","date_gmt":"2022-07-04T14:52:00","guid":{"rendered":"https:\/\/simoffice.pt\/index.php\/product\/papel-fotocopia-a4-80gr-navigator-universal-5x500-folhas\/"},"modified":"2022-07-04T14:52:07","modified_gmt":"2022-07-04T14:52:07","slug":"papel-fotocopia-a4-80gr-navigator-universal-5x500-folhas","status":"publish","type":"product","link":"https:\/\/simoffice.pt\/index.php\/product\/papel-fotocopia-a4-80gr-navigator-universal-5x500-folhas\/","title":{"rendered":"Papel Fotocopia A4 80gr Navigator (Universal) 5&#215;500 Folhas"},"content":{"rendered":"<p>Reduz os encravamentos. Excelente qualidade de impress\u00e3o enquanto reduz o consumo do toner. Superf\u00edcie extra lisa.<br \/>\nA reduzida abrasividade, aumenta a vida \u00fatil do equipamento de escrit\u00f3rio. 100% garatido para todo o tipo de equipamento de escrit\u00f3rio.<\/p>\n","protected":false},"excerpt":{"rendered":"<p>Reduz os encravamentos. Excelente qualidade de impress\u00e3o enquanto reduz o consumo do toner. Superf\u00edcie extra lisa. A reduzida abrasividade, aumenta a vida \u00fatil do equipamento de escrit\u00f3rio. 100% garatido para todo o tipo de equipamento de escrit\u00f3rio.<\/p>\n","protected":false},"featured_media":4907,"template":"","meta":[],"product_cat":[74],"product_tag":[],"_links":{"self":[{"href":"https:\/\/simoffice.pt\/index.php\/wp-json\/wp\/v2\/product\/4906"}],"collection":[{"href":"https:\/\/simoffice.pt\/index.php\/wp-json\/wp\/v2\/product"}],"about":[{"href":"https:\/\/simoffice.pt\/index.php\/wp-json\/wp\/v2\/types\/product"}],"wp:featuredmedia":[{"embeddable":true,"href":"https:\/\/simoffice.pt\/index.php\/wp-json\/wp\/v2\/media\/4907"}],"wp:attachment":[{"href":"https:\/\/simoffice.pt\/index.php\/wp-json\/wp\/v2\/media?parent=4906"}],"wp:term":[{"taxonomy":"product_cat","embeddable":true,"href":"https:\/\/simoffice.pt\/index.php\/wp-json\/wp\/v2\/product_cat?post=4906"},{"taxonomy":"product_tag","embeddable":true,"href":"https:\/\/simoffice.pt\/index.php\/wp-json\/wp\/v2\/product_tag?post=4906"}],"curies":[{"name":"wp","href":"https:\/\/api.w.org\/{rel}","templated":true}]}}