{"id":4841,"date":"2022-07-04T14:48:47","date_gmt":"2022-07-04T14:48:47","guid":{"rendered":"https:\/\/simoffice.pt\/index.php\/product\/papel-fotografico-para-laser-a4-semi-brilhante-210g-m2-branco-20-folhas\/"},"modified":"2022-07-04T14:48:54","modified_gmt":"2022-07-04T14:48:54","slug":"papel-fotografico-para-laser-a4-semi-brilhante-210g-m2-branco-20-folhas","status":"publish","type":"product","link":"https:\/\/simoffice.pt\/index.php\/product\/papel-fotografico-para-laser-a4-semi-brilhante-210g-m2-branco-20-folhas\/","title":{"rendered":"Papel Fotogr\u00e1fico para laser A4 Semi-Brilhante 210g\/m2 Branco 20 folhas"},"content":{"rendered":"<p>Descri\u00e7\u00e3o<br \/>\nObtenha uma impress\u00e3o de elevada qualidade, durabilidade e reprodu\u00e7\u00e3o n\u00edtida de textos e meios tons com o papel Laser Soft Glossy da Writeline.<br \/>\nPapel fotogr\u00e1fico semi-brilhante suave. Este papel Laser Soft Glossy da Writeline assegura uma alta qualidade de impress\u00e3o. Imprima em cores ou preto e branco e obtenha excelentes resultados que duram por anos. Este papel foi especialmente desenvolvido para uso em impressoras a laser.<br \/>\nAcabamento semi-glossy<br \/>\nImpress\u00f5es duram anos<br \/>\nResolu\u00e7\u00e3o de alta qualidade<br \/>\nTipo: Papel fotogr\u00e1fico<br \/>\nGramagem: 210 g\/m\u00b2<br \/>\nDimens\u00f5es: 210 x 297 mm (A4)<br \/>\nCaracter\u00edsticas<br \/>\nTamanho do papel : A4 Gramagem do papel : 210 g\/m\u00b2 Cor : Branco Tipo de acabamento : Semi-glossy<br \/>\nReciclado : N\u00e3o Certifica\u00e7\u00e3o FSC : N\u00e3o Largura : 210 mm Altura : 297 mm<br \/>\nTecnologia : Laser Perfurado : N\u00e3o Tipo de produto : Papel fotogr\u00e1fico Caracter\u00edsticas : FastDryResistente a desvanecimento<br \/>\nMarca : Writeline  <\/p>\n","protected":false},"excerpt":{"rendered":"<p>Descri\u00e7\u00e3o Obtenha uma impress\u00e3o de elevada qualidade, durabilidade e reprodu\u00e7\u00e3o n\u00edtida de textos e meios tons com o papel Laser Soft Glossy da Writeline. Papel fotogr\u00e1fico semi-brilhante suave. Este papel Laser Soft Glossy da Writeline assegura uma alta qualidade de impress\u00e3o. Imprima em cores ou preto e branco e obtenha excelentes resultados que duram por [&hellip;]<\/p>\n","protected":false},"featured_media":4842,"template":"","meta":[],"product_cat":[74],"product_tag":[],"_links":{"self":[{"href":"https:\/\/simoffice.pt\/index.php\/wp-json\/wp\/v2\/product\/4841"}],"collection":[{"href":"https:\/\/simoffice.pt\/index.php\/wp-json\/wp\/v2\/product"}],"about":[{"href":"https:\/\/simoffice.pt\/index.php\/wp-json\/wp\/v2\/types\/product"}],"wp:featuredmedia":[{"embeddable":true,"href":"https:\/\/simoffice.pt\/index.php\/wp-json\/wp\/v2\/media\/4842"}],"wp:attachment":[{"href":"https:\/\/simoffice.pt\/index.php\/wp-json\/wp\/v2\/media?parent=4841"}],"wp:term":[{"taxonomy":"product_cat","embeddable":true,"href":"https:\/\/simoffice.pt\/index.php\/wp-json\/wp\/v2\/product_cat?post=4841"},{"taxonomy":"product_tag","embeddable":true,"href":"https:\/\/simoffice.pt\/index.php\/wp-json\/wp\/v2\/product_tag?post=4841"}],"curies":[{"name":"wp","href":"https:\/\/api.w.org\/{rel}","templated":true}]}}