{"id":4788,"date":"2022-07-04T14:46:12","date_gmt":"2022-07-04T14:46:12","guid":{"rendered":"https:\/\/simoffice.pt\/index.php\/product\/cd-r-verbatim-52x-700-mb-spindle-50-printable\/"},"modified":"2022-07-04T14:46:18","modified_gmt":"2022-07-04T14:46:18","slug":"cd-r-verbatim-52x-700-mb-spindle-50-printable","status":"publish","type":"product","link":"https:\/\/simoffice.pt\/index.php\/product\/cd-r-verbatim-52x-700-mb-spindle-50-printable\/","title":{"rendered":"CD-R Verbatim 52x &#8211; 700 MB Spindle 50 Printable"},"content":{"rendered":"<p>Permite impress\u00e3o atrav\u00e9s de impressoras especializadas para o efeito, permitindo um acabamento de qualidade superior. S\u00f3 pode gravar dados<br \/>\numa vez. CD-R est\u00e3o dispon\u00edveis com capacidades de 80 minutos de \u00e1udio ou 737,280,000 bytes (700 MB). Ideal para gravar todo o tipo de dados.<\/p>\n","protected":false},"excerpt":{"rendered":"<p>Permite impress\u00e3o atrav\u00e9s de impressoras especializadas para o efeito, permitindo um acabamento de qualidade superior. S\u00f3 pode gravar dados uma vez. CD-R est\u00e3o dispon\u00edveis com capacidades de 80 minutos de \u00e1udio ou 737,280,000 bytes (700 MB). Ideal para gravar todo o tipo de dados.<\/p>\n","protected":false},"featured_media":4789,"template":"","meta":[],"product_cat":[74],"product_tag":[],"_links":{"self":[{"href":"https:\/\/simoffice.pt\/index.php\/wp-json\/wp\/v2\/product\/4788"}],"collection":[{"href":"https:\/\/simoffice.pt\/index.php\/wp-json\/wp\/v2\/product"}],"about":[{"href":"https:\/\/simoffice.pt\/index.php\/wp-json\/wp\/v2\/types\/product"}],"wp:featuredmedia":[{"embeddable":true,"href":"https:\/\/simoffice.pt\/index.php\/wp-json\/wp\/v2\/media\/4789"}],"wp:attachment":[{"href":"https:\/\/simoffice.pt\/index.php\/wp-json\/wp\/v2\/media?parent=4788"}],"wp:term":[{"taxonomy":"product_cat","embeddable":true,"href":"https:\/\/simoffice.pt\/index.php\/wp-json\/wp\/v2\/product_cat?post=4788"},{"taxonomy":"product_tag","embeddable":true,"href":"https:\/\/simoffice.pt\/index.php\/wp-json\/wp\/v2\/product_tag?post=4788"}],"curies":[{"name":"wp","href":"https:\/\/api.w.org\/{rel}","templated":true}]}}