{"id":4782,"date":"2022-07-04T14:45:55","date_gmt":"2022-07-04T14:45:55","guid":{"rendered":"https:\/\/simoffice.pt\/index.php\/product\/rato-optico-c-fio-hp-x1000\/"},"modified":"2022-07-04T14:46:02","modified_gmt":"2022-07-04T14:46:02","slug":"rato-optico-c-fio-hp-x1000","status":"publish","type":"product","link":"https:\/\/simoffice.pt\/index.php\/product\/rato-optico-c-fio-hp-x1000\/","title":{"rendered":"Rato \u00d3ptico c\/ Fio HP X1000"},"content":{"rendered":"<p>Detalhes t\u00e9cnicos<br \/>\nCor da caixa Preto<br \/>\nPesos e dimens\u00f5es<br \/>\nPeso do rato 80 g<br \/>\nDispositivo de entrada<br \/>\nN\u00famero de teclas 3<br \/>\nTecnologia de detec\u00e7\u00e3o de movimento \u00d3ptico<br \/>\nRoda de navega\u00e7\u00e3o<br \/>\nProp\u00f3sito escrit\u00f3rio<br \/>\nScroll type Roda<br \/>\nInterface de dispositivo USB<br \/>\nUso recomendado Notebook<\/p>\n","protected":false},"excerpt":{"rendered":"<p>Detalhes t\u00e9cnicos Cor da caixa Preto Pesos e dimens\u00f5es Peso do rato 80 g Dispositivo de entrada N\u00famero de teclas 3 Tecnologia de detec\u00e7\u00e3o de movimento \u00d3ptico Roda de navega\u00e7\u00e3o Prop\u00f3sito escrit\u00f3rio Scroll type Roda Interface de dispositivo USB Uso recomendado Notebook<\/p>\n","protected":false},"featured_media":4783,"template":"","meta":[],"product_cat":[75],"product_tag":[],"_links":{"self":[{"href":"https:\/\/simoffice.pt\/index.php\/wp-json\/wp\/v2\/product\/4782"}],"collection":[{"href":"https:\/\/simoffice.pt\/index.php\/wp-json\/wp\/v2\/product"}],"about":[{"href":"https:\/\/simoffice.pt\/index.php\/wp-json\/wp\/v2\/types\/product"}],"wp:featuredmedia":[{"embeddable":true,"href":"https:\/\/simoffice.pt\/index.php\/wp-json\/wp\/v2\/media\/4783"}],"wp:attachment":[{"href":"https:\/\/simoffice.pt\/index.php\/wp-json\/wp\/v2\/media?parent=4782"}],"wp:term":[{"taxonomy":"product_cat","embeddable":true,"href":"https:\/\/simoffice.pt\/index.php\/wp-json\/wp\/v2\/product_cat?post=4782"},{"taxonomy":"product_tag","embeddable":true,"href":"https:\/\/simoffice.pt\/index.php\/wp-json\/wp\/v2\/product_tag?post=4782"}],"curies":[{"name":"wp","href":"https:\/\/api.w.org\/{rel}","templated":true}]}}