{"id":4776,"date":"2022-07-04T14:45:37","date_gmt":"2022-07-04T14:45:37","guid":{"rendered":"https:\/\/simoffice.pt\/index.php\/product\/hp-usb-smartcard-ccid-keyboard\/"},"modified":"2022-07-04T14:45:42","modified_gmt":"2022-07-04T14:45:42","slug":"hp-usb-smartcard-ccid-keyboard","status":"publish","type":"product","link":"https:\/\/simoffice.pt\/index.php\/product\/hp-usb-smartcard-ccid-keyboard\/","title":{"rendered":"HP USB Smartcard CCID Keyboard"},"content":{"rendered":"<p>Pesos e dimens\u00f5es<br \/>\nDimens\u00f5es do teclado (LxPxA) 460.3 x 164.3 x 31.9 mm<br \/>\nPeso de teclado 900 g<br \/>\nTeclado<br \/>\nPesquisa de ficha t\u00e9cnica .<br \/>\nOther features<br \/>\nSistema Operativo Windows 8, Windows 8 Pro, Windows 7 Home Basic*, Windows 7 Home Premium*, Windows 7 Professional 32*, Windows 7 Professional 64*, Windows 7 Ultimate 32*, Windows 7 Ultimate 64*, Windows Vista Business 64**, Windows Vista Business 32**, Windows Vista Home Basic 32**; * Este sistema pode necessitar de actualiza\u00e7\u00e3o e\/ou hardware de aquisi\u00e7\u00e3o em separado e\/ou uma unidade de DVD para instalar o software do Windows 7 e tirar todo o partido da funcionalidade do Windows 7. Consulte http:\/\/\/windows\/wi&#8230;<br \/>\nDescri\u00e7\u00e3o de dispositivos de entrada Teclado b\u00e1sico USB Smart Card<br \/>\nQuantidade 1 pe\u00e7as<br \/>\nRecursos padr\u00e3o Fun\u00e7\u00e3o de escoamento integrada<br \/>\nInterface USB<br \/>\nErgonomia<br \/>\nComprimento do cabo 1.8 m<br \/>\nDesign<br \/>\nCor da caixa Jack Black\/Silver <\/p>\n","protected":false},"excerpt":{"rendered":"<p>Pesos e dimens\u00f5es Dimens\u00f5es do teclado (LxPxA) 460.3 x 164.3 x 31.9 mm Peso de teclado 900 g Teclado Pesquisa de ficha t\u00e9cnica . Other features Sistema Operativo Windows 8, Windows 8 Pro, Windows 7 Home Basic*, Windows 7 Home Premium*, Windows 7 Professional 32*, Windows 7 Professional 64*, Windows 7 Ultimate 32*, Windows 7 [&hellip;]<\/p>\n","protected":false},"featured_media":4777,"template":"","meta":[],"product_cat":[75],"product_tag":[],"_links":{"self":[{"href":"https:\/\/simoffice.pt\/index.php\/wp-json\/wp\/v2\/product\/4776"}],"collection":[{"href":"https:\/\/simoffice.pt\/index.php\/wp-json\/wp\/v2\/product"}],"about":[{"href":"https:\/\/simoffice.pt\/index.php\/wp-json\/wp\/v2\/types\/product"}],"wp:featuredmedia":[{"embeddable":true,"href":"https:\/\/simoffice.pt\/index.php\/wp-json\/wp\/v2\/media\/4777"}],"wp:attachment":[{"href":"https:\/\/simoffice.pt\/index.php\/wp-json\/wp\/v2\/media?parent=4776"}],"wp:term":[{"taxonomy":"product_cat","embeddable":true,"href":"https:\/\/simoffice.pt\/index.php\/wp-json\/wp\/v2\/product_cat?post=4776"},{"taxonomy":"product_tag","embeddable":true,"href":"https:\/\/simoffice.pt\/index.php\/wp-json\/wp\/v2\/product_tag?post=4776"}],"curies":[{"name":"wp","href":"https:\/\/api.w.org\/{rel}","templated":true}]}}