{"id":4768,"date":"2022-07-04T14:45:14","date_gmt":"2022-07-04T14:45:14","guid":{"rendered":"https:\/\/simoffice.pt\/index.php\/product\/brother-impressora-laser-mono-a4-hl-l2360dn-30ppm\/"},"modified":"2022-07-04T14:45:20","modified_gmt":"2022-07-04T14:45:20","slug":"brother-impressora-laser-mono-a4-hl-l2360dn-30ppm","status":"publish","type":"product","link":"https:\/\/simoffice.pt\/index.php\/product\/brother-impressora-laser-mono-a4-hl-l2360dn-30ppm\/","title":{"rendered":"Brother Impressora laser mono A4 HL-L2360DN, 30ppm"},"content":{"rendered":"<p>Tipo de impressora &#8211; Monocrom\u00e1tica<br \/>\nVisor -LCD retroiluminado<br \/>\nTamanho do visor -1 linha x 16 carateres<br \/>\nClassifica\u00e7\u00e3o do laser Laser monocrom\u00e1tico electrofotogr\u00e1fico<br \/>\nTamanho m\u00e1ximo de papel &#8211; A4<br \/>\nMem\u00f3ria &#8211; 32MB<br \/>\nProcessador &#8211; 266MHz<br \/>\nTecnologia &#8211; Laser<br \/>\nConetividade -Rede com fios<br \/>\nInterface USB -USB 2.0 Hi Speed<br \/>\nWi-Fi Direct Print wirelessly without having to go through a wireless access point<br \/>\nInterface de rede com fios Ethenet 10\/100 Base-TX<br \/>\nLiga\u00e7\u00e3o a dispositivos m\u00f3veis<br \/>\nSuportado AirPrint, Cortado Cloud Print, Google Cloud Print, iPrint&amp;Scan<\/p>\n","protected":false},"excerpt":{"rendered":"<p>Tipo de impressora &#8211; Monocrom\u00e1tica Visor -LCD retroiluminado Tamanho do visor -1 linha x 16 carateres Classifica\u00e7\u00e3o do laser Laser monocrom\u00e1tico electrofotogr\u00e1fico Tamanho m\u00e1ximo de papel &#8211; A4 Mem\u00f3ria &#8211; 32MB Processador &#8211; 266MHz Tecnologia &#8211; Laser Conetividade -Rede com fios Interface USB -USB 2.0 Hi Speed Wi-Fi Direct Print wirelessly without having to go [&hellip;]<\/p>\n","protected":false},"featured_media":4769,"template":"","meta":[],"product_cat":[75],"product_tag":[],"_links":{"self":[{"href":"https:\/\/simoffice.pt\/index.php\/wp-json\/wp\/v2\/product\/4768"}],"collection":[{"href":"https:\/\/simoffice.pt\/index.php\/wp-json\/wp\/v2\/product"}],"about":[{"href":"https:\/\/simoffice.pt\/index.php\/wp-json\/wp\/v2\/types\/product"}],"wp:featuredmedia":[{"embeddable":true,"href":"https:\/\/simoffice.pt\/index.php\/wp-json\/wp\/v2\/media\/4769"}],"wp:attachment":[{"href":"https:\/\/simoffice.pt\/index.php\/wp-json\/wp\/v2\/media?parent=4768"}],"wp:term":[{"taxonomy":"product_cat","embeddable":true,"href":"https:\/\/simoffice.pt\/index.php\/wp-json\/wp\/v2\/product_cat?post=4768"},{"taxonomy":"product_tag","embeddable":true,"href":"https:\/\/simoffice.pt\/index.php\/wp-json\/wp\/v2\/product_tag?post=4768"}],"curies":[{"name":"wp","href":"https:\/\/api.w.org\/{rel}","templated":true}]}}