{"id":4753,"date":"2022-07-04T14:44:30","date_gmt":"2022-07-04T14:44:30","guid":{"rendered":"https:\/\/simoffice.pt\/index.php\/product\/marcador-uni-umn207-signo-070mm-preto\/"},"modified":"2022-07-04T14:44:36","modified_gmt":"2022-07-04T14:44:36","slug":"marcador-uni-umn207-signo-070mm-preto","status":"publish","type":"product","link":"https:\/\/simoffice.pt\/index.php\/product\/marcador-uni-umn207-signo-070mm-preto\/","title":{"rendered":"Marcador UNI UMN207 SIGNO 0,70mm Preto"},"content":{"rendered":"<p>Resistente \u00e0 \u00e1gua e luz. Escrita suave. Cor da tinta respresentada no mecanismo retr\u00e1ctil.<\/p>\n","protected":false},"excerpt":{"rendered":"<p>Resistente \u00e0 \u00e1gua e luz. Escrita suave. Cor da tinta respresentada no mecanismo retr\u00e1ctil.<\/p>\n","protected":false},"featured_media":4754,"template":"","meta":[],"product_cat":[74],"product_tag":[],"_links":{"self":[{"href":"https:\/\/simoffice.pt\/index.php\/wp-json\/wp\/v2\/product\/4753"}],"collection":[{"href":"https:\/\/simoffice.pt\/index.php\/wp-json\/wp\/v2\/product"}],"about":[{"href":"https:\/\/simoffice.pt\/index.php\/wp-json\/wp\/v2\/types\/product"}],"wp:featuredmedia":[{"embeddable":true,"href":"https:\/\/simoffice.pt\/index.php\/wp-json\/wp\/v2\/media\/4754"}],"wp:attachment":[{"href":"https:\/\/simoffice.pt\/index.php\/wp-json\/wp\/v2\/media?parent=4753"}],"wp:term":[{"taxonomy":"product_cat","embeddable":true,"href":"https:\/\/simoffice.pt\/index.php\/wp-json\/wp\/v2\/product_cat?post=4753"},{"taxonomy":"product_tag","embeddable":true,"href":"https:\/\/simoffice.pt\/index.php\/wp-json\/wp\/v2\/product_tag?post=4753"}],"curies":[{"name":"wp","href":"https:\/\/api.w.org\/{rel}","templated":true}]}}