{"id":4751,"date":"2022-07-04T14:44:26","date_gmt":"2022-07-04T14:44:26","guid":{"rendered":"https:\/\/simoffice.pt\/index.php\/product\/marcador-uni-umn207-signo-070mm-azul\/"},"modified":"2022-07-04T14:44:32","modified_gmt":"2022-07-04T14:44:32","slug":"marcador-uni-umn207-signo-070mm-azul","status":"publish","type":"product","link":"https:\/\/simoffice.pt\/index.php\/product\/marcador-uni-umn207-signo-070mm-azul\/","title":{"rendered":"Marcador UNI UMN207 SIGNO 0,70mm Azul"},"content":{"rendered":"<p>Resistente \u00e0 \u00e1gua e luz. Escrita suave. Cor da tinta respresentada no mecanismo retr\u00e1ctil.<\/p>\n","protected":false},"excerpt":{"rendered":"<p>Resistente \u00e0 \u00e1gua e luz. Escrita suave. Cor da tinta respresentada no mecanismo retr\u00e1ctil.<\/p>\n","protected":false},"featured_media":4752,"template":"","meta":[],"product_cat":[74],"product_tag":[],"_links":{"self":[{"href":"https:\/\/simoffice.pt\/index.php\/wp-json\/wp\/v2\/product\/4751"}],"collection":[{"href":"https:\/\/simoffice.pt\/index.php\/wp-json\/wp\/v2\/product"}],"about":[{"href":"https:\/\/simoffice.pt\/index.php\/wp-json\/wp\/v2\/types\/product"}],"wp:featuredmedia":[{"embeddable":true,"href":"https:\/\/simoffice.pt\/index.php\/wp-json\/wp\/v2\/media\/4752"}],"wp:attachment":[{"href":"https:\/\/simoffice.pt\/index.php\/wp-json\/wp\/v2\/media?parent=4751"}],"wp:term":[{"taxonomy":"product_cat","embeddable":true,"href":"https:\/\/simoffice.pt\/index.php\/wp-json\/wp\/v2\/product_cat?post=4751"},{"taxonomy":"product_tag","embeddable":true,"href":"https:\/\/simoffice.pt\/index.php\/wp-json\/wp\/v2\/product_tag?post=4751"}],"curies":[{"name":"wp","href":"https:\/\/api.w.org\/{rel}","templated":true}]}}