{"id":4710,"date":"2022-07-04T14:42:27","date_gmt":"2022-07-04T14:42:27","guid":{"rendered":"https:\/\/simoffice.pt\/index.php\/product\/renovacao-cliente-eset-smart-security-2-anos-6-licencas\/"},"modified":"2022-07-04T14:42:27","modified_gmt":"2022-07-04T14:42:27","slug":"renovacao-cliente-eset-smart-security-2-anos-6-licencas","status":"publish","type":"product","link":"https:\/\/simoffice.pt\/index.php\/product\/renovacao-cliente-eset-smart-security-2-anos-6-licencas\/","title":{"rendered":"Renova\u00e7\u00e3o cliente &#8211; Eset Smart Security 2 Anos 6 Licen\u00e7as"},"content":{"rendered":"","protected":false},"excerpt":{"rendered":"","protected":false},"featured_media":0,"template":"","meta":[],"product_cat":[75],"product_tag":[],"_links":{"self":[{"href":"https:\/\/simoffice.pt\/index.php\/wp-json\/wp\/v2\/product\/4710"}],"collection":[{"href":"https:\/\/simoffice.pt\/index.php\/wp-json\/wp\/v2\/product"}],"about":[{"href":"https:\/\/simoffice.pt\/index.php\/wp-json\/wp\/v2\/types\/product"}],"wp:attachment":[{"href":"https:\/\/simoffice.pt\/index.php\/wp-json\/wp\/v2\/media?parent=4710"}],"wp:term":[{"taxonomy":"product_cat","embeddable":true,"href":"https:\/\/simoffice.pt\/index.php\/wp-json\/wp\/v2\/product_cat?post=4710"},{"taxonomy":"product_tag","embeddable":true,"href":"https:\/\/simoffice.pt\/index.php\/wp-json\/wp\/v2\/product_tag?post=4710"}],"curies":[{"name":"wp","href":"https:\/\/api.w.org\/{rel}","templated":true}]}}