{"id":4668,"date":"2022-07-04T14:40:22","date_gmt":"2022-07-04T14:40:22","guid":{"rendered":"https:\/\/simoffice.pt\/index.php\/product\/pasta-c-40-bolsas-catalogo-eagle-preto\/"},"modified":"2022-07-04T14:40:28","modified_gmt":"2022-07-04T14:40:28","slug":"pasta-c-40-bolsas-catalogo-eagle-preto","status":"publish","type":"product","link":"https:\/\/simoffice.pt\/index.php\/product\/pasta-c-40-bolsas-catalogo-eagle-preto\/","title":{"rendered":"Pasta c \/ 40 Bolsas Catalogo Eagle Preto"},"content":{"rendered":"<p>Em polipropileno transparente resistente, personaliz\u00e1vel na lombada. Permite abertura de 180\u00ba para uma melhor visualiza\u00e7\u00e3o dos conte\u00fados. Ideal para apresenta\u00e7\u00e3o de trabalhos.<\/p>\n","protected":false},"excerpt":{"rendered":"<p>Em polipropileno transparente resistente, personaliz\u00e1vel na lombada. Permite abertura de 180\u00ba para uma melhor visualiza\u00e7\u00e3o dos conte\u00fados. Ideal para apresenta\u00e7\u00e3o de trabalhos.<\/p>\n","protected":false},"featured_media":4669,"template":"","meta":[],"product_cat":[74],"product_tag":[],"_links":{"self":[{"href":"https:\/\/simoffice.pt\/index.php\/wp-json\/wp\/v2\/product\/4668"}],"collection":[{"href":"https:\/\/simoffice.pt\/index.php\/wp-json\/wp\/v2\/product"}],"about":[{"href":"https:\/\/simoffice.pt\/index.php\/wp-json\/wp\/v2\/types\/product"}],"wp:featuredmedia":[{"embeddable":true,"href":"https:\/\/simoffice.pt\/index.php\/wp-json\/wp\/v2\/media\/4669"}],"wp:attachment":[{"href":"https:\/\/simoffice.pt\/index.php\/wp-json\/wp\/v2\/media?parent=4668"}],"wp:term":[{"taxonomy":"product_cat","embeddable":true,"href":"https:\/\/simoffice.pt\/index.php\/wp-json\/wp\/v2\/product_cat?post=4668"},{"taxonomy":"product_tag","embeddable":true,"href":"https:\/\/simoffice.pt\/index.php\/wp-json\/wp\/v2\/product_tag?post=4668"}],"curies":[{"name":"wp","href":"https:\/\/api.w.org\/{rel}","templated":true}]}}