{"id":4650,"date":"2022-07-04T14:39:28","date_gmt":"2022-07-04T14:39:28","guid":{"rendered":"https:\/\/simoffice.pt\/index.php\/product\/pioneses-coloridos-diametro-9mm-epene-cx100un\/"},"modified":"2022-07-04T14:39:34","modified_gmt":"2022-07-04T14:39:34","slug":"pioneses-coloridos-diametro-9mm-epene-cx100un","status":"publish","type":"product","link":"https:\/\/simoffice.pt\/index.php\/product\/pioneses-coloridos-diametro-9mm-epene-cx100un\/","title":{"rendered":"Pioneses Coloridos Diametro 9mm Epene Cx100un"},"content":{"rendered":"<p>Ideal para coloca\u00e7\u00e3o de informa\u00e7\u00e3o em quadros de corti\u00e7a.<\/p>\n","protected":false},"excerpt":{"rendered":"<p>Ideal para coloca\u00e7\u00e3o de informa\u00e7\u00e3o em quadros de corti\u00e7a.<\/p>\n","protected":false},"featured_media":4651,"template":"","meta":[],"product_cat":[74],"product_tag":[],"_links":{"self":[{"href":"https:\/\/simoffice.pt\/index.php\/wp-json\/wp\/v2\/product\/4650"}],"collection":[{"href":"https:\/\/simoffice.pt\/index.php\/wp-json\/wp\/v2\/product"}],"about":[{"href":"https:\/\/simoffice.pt\/index.php\/wp-json\/wp\/v2\/types\/product"}],"wp:featuredmedia":[{"embeddable":true,"href":"https:\/\/simoffice.pt\/index.php\/wp-json\/wp\/v2\/media\/4651"}],"wp:attachment":[{"href":"https:\/\/simoffice.pt\/index.php\/wp-json\/wp\/v2\/media?parent=4650"}],"wp:term":[{"taxonomy":"product_cat","embeddable":true,"href":"https:\/\/simoffice.pt\/index.php\/wp-json\/wp\/v2\/product_cat?post=4650"},{"taxonomy":"product_tag","embeddable":true,"href":"https:\/\/simoffice.pt\/index.php\/wp-json\/wp\/v2\/product_tag?post=4650"}],"curies":[{"name":"wp","href":"https:\/\/api.w.org\/{rel}","templated":true}]}}