{"id":4638,"date":"2022-07-04T14:38:53","date_gmt":"2022-07-04T14:38:53","guid":{"rendered":"https:\/\/simoffice.pt\/index.php\/product\/minas-scriva-05hb-tubo\/"},"modified":"2022-07-04T14:38:59","modified_gmt":"2022-07-04T14:38:59","slug":"minas-scriva-05hb-tubo","status":"publish","type":"product","link":"https:\/\/simoffice.pt\/index.php\/product\/minas-scriva-05hb-tubo\/","title":{"rendered":"Minas Scriva 0,5HB Tubo"},"content":{"rendered":"<p>Extremamente resistentes. Dispon\u00edveis em dureza m\u00e9dia, macia e extramacia.<br \/>\nIndicadas principalmente para o uso t\u00e9cnico e para a cria\u00e7\u00e3o de desenhos.<\/p>\n","protected":false},"excerpt":{"rendered":"<p>Extremamente resistentes. Dispon\u00edveis em dureza m\u00e9dia, macia e extramacia. Indicadas principalmente para o uso t\u00e9cnico e para a cria\u00e7\u00e3o de desenhos.<\/p>\n","protected":false},"featured_media":4639,"template":"","meta":[],"product_cat":[74],"product_tag":[],"_links":{"self":[{"href":"https:\/\/simoffice.pt\/index.php\/wp-json\/wp\/v2\/product\/4638"}],"collection":[{"href":"https:\/\/simoffice.pt\/index.php\/wp-json\/wp\/v2\/product"}],"about":[{"href":"https:\/\/simoffice.pt\/index.php\/wp-json\/wp\/v2\/types\/product"}],"wp:featuredmedia":[{"embeddable":true,"href":"https:\/\/simoffice.pt\/index.php\/wp-json\/wp\/v2\/media\/4639"}],"wp:attachment":[{"href":"https:\/\/simoffice.pt\/index.php\/wp-json\/wp\/v2\/media?parent=4638"}],"wp:term":[{"taxonomy":"product_cat","embeddable":true,"href":"https:\/\/simoffice.pt\/index.php\/wp-json\/wp\/v2\/product_cat?post=4638"},{"taxonomy":"product_tag","embeddable":true,"href":"https:\/\/simoffice.pt\/index.php\/wp-json\/wp\/v2\/product_tag?post=4638"}],"curies":[{"name":"wp","href":"https:\/\/api.w.org\/{rel}","templated":true}]}}